{"id":11950,"date":"2017-03-01T16:34:48","date_gmt":"2017-03-01T16:34:48","guid":{"rendered":"http:\/\/devollicorporation.com\/galeria\/"},"modified":"2019-10-31T14:58:15","modified_gmt":"2019-10-31T14:58:15","slug":"galeria","status":"publish","type":"page","link":"https:\/\/devollicorporation.com\/en\/galeria\/","title":{"rendered":"Gallery"},"content":{"rendered":"<div class=\"vc_row wpb_row vc_row-fluid\"><div class=\"wpb_column vc_column_container vc_col-sm-12\"><div class=\"vc_column-inner\"><div class=\"wpb_wrapper\"><div class=\"vc_tta-container\" data-vc-action=\"collapse\"><div class=\"vc_general vc_tta vc_tta-tabs vc_tta-color-grey vc_tta-style-classic vc_tta-shape-rounded vc_tta-spacing-1 vc_tta-tabs-position-left vc_tta-controls-align-left\"><div class=\"vc_tta-tabs-container\"><ul class=\"vc_tta-tabs-list\"><li class=\"vc_tta-tab vc_active\" data-vc-tab><a href=\"#1568636916606-6214fecb-0812\" data-vc-tabs data-vc-container=\".vc_tta\"><span class=\"vc_tta-title-text\">Panairi i Gastronomis\u00eb<\/span><\/a><\/li><li class=\"vc_tta-tab\" data-vc-tab><a href=\"#1568636916609-470229a4-a54d\" data-vc-tabs data-vc-container=\".vc_tta\"><span class=\"vc_tta-title-text\">Tayna n\u00eb shesh<\/span><\/a><\/li><li class=\"vc_tta-tab\" data-vc-tab><a href=\"#1568637033907-b9417d83-6802\" data-vc-tabs data-vc-container=\".vc_tta\"><span class=\"vc_tta-title-text\">Xhensila Myrtezaj dhe Prince Caffe Turke<\/span><\/a><\/li><\/ul><\/div><div class=\"vc_tta-panels-container\"><div class=\"vc_tta-panels\"><div class=\"vc_tta-panel vc_active\" id=\"1568636916606-6214fecb-0812\" data-vc-content=\".vc_tta-panel-body\"><div class=\"vc_tta-panel-heading\"><h4 class=\"vc_tta-panel-title\"><a href=\"#1568636916606-6214fecb-0812\" data-vc-accordion data-vc-container=\".vc_tta-container\"><span class=\"vc_tta-title-text\">Panairi i Gastronomis\u00eb<\/span><\/a><\/h4><\/div><div class=\"vc_tta-panel-body\"><div class=\"wpb_gallery wpb_content_element vc_clearfix\" ><div class=\"wpb_wrapper\"><div class=\"wpb_gallery_slides wpb_image_grid\" data-interval=\"3\"><ul class=\"wpb_image_grid_ul\"><li class=\"isotope-item\"><a class=\"prettyphoto\" href=\"https:\/\/devollicorporation.com\/wp-content\/uploads\/2019\/07\/Picture16-1024x683.jpg\" data-rel=\"prettyPhoto[rel-11950-263042399]\"><img loading=\"lazy\" decoding=\"async\" width=\"300\" height=\"200\" src=\"https:\/\/devollicorporation.com\/wp-content\/uploads\/2019\/07\/Picture16-300x200.jpg\" class=\"attachment-medium\" alt=\"\" srcset=\"https:\/\/devollicorporation.com\/wp-content\/uploads\/2019\/07\/Picture16-300x200.jpg 300w, https:\/\/devollicorporation.com\/wp-content\/uploads\/2019\/07\/Picture16-768x512.jpg 768w, https:\/\/devollicorporation.com\/wp-content\/uploads\/2019\/07\/Picture16-1024x683.jpg 1024w, https:\/\/devollicorporation.com\/wp-content\/uploads\/2019\/07\/Picture16.jpg 1500w\" sizes=\"auto, (max-width: 300px) 100vw, 300px\" \/><\/a><\/li><li class=\"isotope-item\"><a class=\"prettyphoto\" href=\"https:\/\/devollicorporation.com\/wp-content\/uploads\/2019\/07\/Picture15-1024x682.jpg\" data-rel=\"prettyPhoto[rel-11950-263042399]\"><img loading=\"lazy\" decoding=\"async\" width=\"300\" height=\"200\" src=\"https:\/\/devollicorporation.com\/wp-content\/uploads\/2019\/07\/Picture15-300x200.jpg\" class=\"attachment-medium\" alt=\"\" srcset=\"https:\/\/devollicorporation.com\/wp-content\/uploads\/2019\/07\/Picture15-300x200.jpg 300w, https:\/\/devollicorporation.com\/wp-content\/uploads\/2019\/07\/Picture15-768x511.jpg 768w, https:\/\/devollicorporation.com\/wp-content\/uploads\/2019\/07\/Picture15-1024x682.jpg 1024w, https:\/\/devollicorporation.com\/wp-content\/uploads\/2019\/07\/Picture15.jpg 1500w\" sizes=\"auto, (max-width: 300px) 100vw, 300px\" \/><\/a><\/li><li class=\"isotope-item\"><a class=\"prettyphoto\" href=\"https:\/\/devollicorporation.com\/wp-content\/uploads\/2019\/07\/Picture13-1024x683.jpg\" data-rel=\"prettyPhoto[rel-11950-263042399]\"><img loading=\"lazy\" decoding=\"async\" width=\"300\" height=\"200\" src=\"https:\/\/devollicorporation.com\/wp-content\/uploads\/2019\/07\/Picture13-300x200.jpg\" class=\"attachment-medium\" alt=\"\" srcset=\"https:\/\/devollicorporation.com\/wp-content\/uploads\/2019\/07\/Picture13-300x200.jpg 300w, https:\/\/devollicorporation.com\/wp-content\/uploads\/2019\/07\/Picture13-768x512.jpg 768w, https:\/\/devollicorporation.com\/wp-content\/uploads\/2019\/07\/Picture13-1024x683.jpg 1024w, https:\/\/devollicorporation.com\/wp-content\/uploads\/2019\/07\/Picture13.jpg 1500w\" sizes=\"auto, (max-width: 300px) 100vw, 300px\" \/><\/a><\/li><li class=\"isotope-item\"><a class=\"prettyphoto\" href=\"https:\/\/devollicorporation.com\/wp-content\/uploads\/2019\/07\/Picture8-1024x683.jpg\" data-rel=\"prettyPhoto[rel-11950-263042399]\"><img loading=\"lazy\" decoding=\"async\" width=\"300\" height=\"200\" src=\"https:\/\/devollicorporation.com\/wp-content\/uploads\/2019\/07\/Picture8-300x200.jpg\" class=\"attachment-medium\" alt=\"\" srcset=\"https:\/\/devollicorporation.com\/wp-content\/uploads\/2019\/07\/Picture8-300x200.jpg 300w, https:\/\/devollicorporation.com\/wp-content\/uploads\/2019\/07\/Picture8-768x512.jpg 768w, https:\/\/devollicorporation.com\/wp-content\/uploads\/2019\/07\/Picture8-1024x683.jpg 1024w, https:\/\/devollicorporation.com\/wp-content\/uploads\/2019\/07\/Picture8.jpg 1500w\" sizes=\"auto, (max-width: 300px) 100vw, 300px\" \/><\/a><\/li><li class=\"isotope-item\"><a class=\"prettyphoto\" href=\"https:\/\/devollicorporation.com\/wp-content\/uploads\/2019\/07\/Picture9-1024x683.jpg\" data-rel=\"prettyPhoto[rel-11950-263042399]\"><img loading=\"lazy\" decoding=\"async\" width=\"300\" height=\"200\" src=\"https:\/\/devollicorporation.com\/wp-content\/uploads\/2019\/07\/Picture9-300x200.jpg\" class=\"attachment-medium\" alt=\"\" srcset=\"https:\/\/devollicorporation.com\/wp-content\/uploads\/2019\/07\/Picture9-300x200.jpg 300w, https:\/\/devollicorporation.com\/wp-content\/uploads\/2019\/07\/Picture9-768x512.jpg 768w, https:\/\/devollicorporation.com\/wp-content\/uploads\/2019\/07\/Picture9-1024x683.jpg 1024w, https:\/\/devollicorporation.com\/wp-content\/uploads\/2019\/07\/Picture9.jpg 1500w\" sizes=\"auto, (max-width: 300px) 100vw, 300px\" \/><\/a><\/li><li class=\"isotope-item\"><a class=\"prettyphoto\" href=\"https:\/\/devollicorporation.com\/wp-content\/uploads\/2019\/07\/Picture12-1024x683.jpg\" data-rel=\"prettyPhoto[rel-11950-263042399]\"><img loading=\"lazy\" decoding=\"async\" width=\"300\" height=\"200\" src=\"https:\/\/devollicorporation.com\/wp-content\/uploads\/2019\/07\/Picture12-300x200.jpg\" class=\"attachment-medium\" alt=\"\" srcset=\"https:\/\/devollicorporation.com\/wp-content\/uploads\/2019\/07\/Picture12-300x200.jpg 300w, https:\/\/devollicorporation.com\/wp-content\/uploads\/2019\/07\/Picture12-768x512.jpg 768w, https:\/\/devollicorporation.com\/wp-content\/uploads\/2019\/07\/Picture12-1024x683.jpg 1024w, https:\/\/devollicorporation.com\/wp-content\/uploads\/2019\/07\/Picture12.jpg 1500w\" sizes=\"auto, (max-width: 300px) 100vw, 300px\" \/><\/a><\/li><li class=\"isotope-item\"><a class=\"prettyphoto\" href=\"https:\/\/devollicorporation.com\/wp-content\/uploads\/2019\/07\/Picture1-1024x683.jpg\" data-rel=\"prettyPhoto[rel-11950-263042399]\"><img loading=\"lazy\" decoding=\"async\" width=\"300\" height=\"200\" src=\"https:\/\/devollicorporation.com\/wp-content\/uploads\/2019\/07\/Picture1-300x200.jpg\" class=\"attachment-medium\" alt=\"\" srcset=\"https:\/\/devollicorporation.com\/wp-content\/uploads\/2019\/07\/Picture1-300x200.jpg 300w, https:\/\/devollicorporation.com\/wp-content\/uploads\/2019\/07\/Picture1-768x512.jpg 768w, https:\/\/devollicorporation.com\/wp-content\/uploads\/2019\/07\/Picture1-1024x683.jpg 1024w, https:\/\/devollicorporation.com\/wp-content\/uploads\/2019\/07\/Picture1.jpg 1500w\" sizes=\"auto, (max-width: 300px) 100vw, 300px\" \/><\/a><\/li><\/ul><\/div><\/div><\/div><\/div><\/div><div class=\"vc_tta-panel\" id=\"1568636916609-470229a4-a54d\" data-vc-content=\".vc_tta-panel-body\"><div class=\"vc_tta-panel-heading\"><h4 class=\"vc_tta-panel-title\"><a href=\"#1568636916609-470229a4-a54d\" data-vc-accordion data-vc-container=\".vc_tta-container\"><span class=\"vc_tta-title-text\">Tayna n\u00eb shesh<\/span><\/a><\/h4><\/div><div class=\"vc_tta-panel-body\"><div class=\"wpb_gallery wpb_content_element vc_clearfix\" ><div class=\"wpb_wrapper\"><div class=\"wpb_gallery_slides wpb_image_grid\" data-interval=\"3\"><ul class=\"wpb_image_grid_ul\"><li class=\"isotope-item\"><a class=\"prettyphoto\" href=\"https:\/\/devollicorporation.com\/wp-content\/uploads\/2019\/07\/JV4A0087-1024x683.jpg\" data-rel=\"prettyPhoto[rel-11950-1331675113]\"><img loading=\"lazy\" decoding=\"async\" width=\"300\" height=\"200\" src=\"https:\/\/devollicorporation.com\/wp-content\/uploads\/2019\/07\/JV4A0087-300x200.jpg\" class=\"attachment-medium\" alt=\"\" srcset=\"https:\/\/devollicorporation.com\/wp-content\/uploads\/2019\/07\/JV4A0087-300x200.jpg 300w, https:\/\/devollicorporation.com\/wp-content\/uploads\/2019\/07\/JV4A0087-768x512.jpg 768w, https:\/\/devollicorporation.com\/wp-content\/uploads\/2019\/07\/JV4A0087-1024x683.jpg 1024w\" sizes=\"auto, (max-width: 300px) 100vw, 300px\" \/><\/a><\/li><li class=\"isotope-item\"><a class=\"prettyphoto\" href=\"https:\/\/devollicorporation.com\/wp-content\/uploads\/2019\/07\/JV4A0061-1024x683.jpg\" data-rel=\"prettyPhoto[rel-11950-1331675113]\"><img loading=\"lazy\" decoding=\"async\" width=\"300\" height=\"200\" src=\"https:\/\/devollicorporation.com\/wp-content\/uploads\/2019\/07\/JV4A0061-300x200.jpg\" class=\"attachment-medium\" alt=\"\" srcset=\"https:\/\/devollicorporation.com\/wp-content\/uploads\/2019\/07\/JV4A0061-300x200.jpg 300w, https:\/\/devollicorporation.com\/wp-content\/uploads\/2019\/07\/JV4A0061-768x512.jpg 768w, https:\/\/devollicorporation.com\/wp-content\/uploads\/2019\/07\/JV4A0061-1024x683.jpg 1024w\" sizes=\"auto, (max-width: 300px) 100vw, 300px\" \/><\/a><\/li><li class=\"isotope-item\"><a class=\"prettyphoto\" href=\"https:\/\/devollicorporation.com\/wp-content\/uploads\/2019\/07\/JV4A0058-1024x683.jpg\" data-rel=\"prettyPhoto[rel-11950-1331675113]\"><img loading=\"lazy\" decoding=\"async\" width=\"300\" height=\"200\" src=\"https:\/\/devollicorporation.com\/wp-content\/uploads\/2019\/07\/JV4A0058-300x200.jpg\" class=\"attachment-medium\" alt=\"\" srcset=\"https:\/\/devollicorporation.com\/wp-content\/uploads\/2019\/07\/JV4A0058-300x200.jpg 300w, https:\/\/devollicorporation.com\/wp-content\/uploads\/2019\/07\/JV4A0058-768x512.jpg 768w, https:\/\/devollicorporation.com\/wp-content\/uploads\/2019\/07\/JV4A0058-1024x683.jpg 1024w\" sizes=\"auto, (max-width: 300px) 100vw, 300px\" \/><\/a><\/li><li class=\"isotope-item\"><a class=\"prettyphoto\" href=\"https:\/\/devollicorporation.com\/wp-content\/uploads\/2019\/07\/JV4A8666-1024x683.jpg\" data-rel=\"prettyPhoto[rel-11950-1331675113]\"><img loading=\"lazy\" decoding=\"async\" width=\"300\" height=\"200\" src=\"https:\/\/devollicorporation.com\/wp-content\/uploads\/2019\/07\/JV4A8666-300x200.jpg\" class=\"attachment-medium\" alt=\"\" srcset=\"https:\/\/devollicorporation.com\/wp-content\/uploads\/2019\/07\/JV4A8666-300x200.jpg 300w, https:\/\/devollicorporation.com\/wp-content\/uploads\/2019\/07\/JV4A8666-768x512.jpg 768w, https:\/\/devollicorporation.com\/wp-content\/uploads\/2019\/07\/JV4A8666-1024x683.jpg 1024w\" sizes=\"auto, (max-width: 300px) 100vw, 300px\" \/><\/a><\/li><li class=\"isotope-item\"><a class=\"prettyphoto\" href=\"https:\/\/devollicorporation.com\/wp-content\/uploads\/2019\/07\/JV4A9952-1024x683.jpg\" data-rel=\"prettyPhoto[rel-11950-1331675113]\"><img loading=\"lazy\" decoding=\"async\" width=\"300\" height=\"200\" src=\"https:\/\/devollicorporation.com\/wp-content\/uploads\/2019\/07\/JV4A9952-300x200.jpg\" class=\"attachment-medium\" alt=\"\" srcset=\"https:\/\/devollicorporation.com\/wp-content\/uploads\/2019\/07\/JV4A9952-300x200.jpg 300w, https:\/\/devollicorporation.com\/wp-content\/uploads\/2019\/07\/JV4A9952-768x512.jpg 768w, https:\/\/devollicorporation.com\/wp-content\/uploads\/2019\/07\/JV4A9952-1024x683.jpg 1024w\" sizes=\"auto, (max-width: 300px) 100vw, 300px\" \/><\/a><\/li><li class=\"isotope-item\"><a class=\"prettyphoto\" href=\"https:\/\/devollicorporation.com\/wp-content\/uploads\/2019\/07\/JV4A9957-1024x683.jpg\" data-rel=\"prettyPhoto[rel-11950-1331675113]\"><img loading=\"lazy\" decoding=\"async\" width=\"300\" height=\"200\" src=\"https:\/\/devollicorporation.com\/wp-content\/uploads\/2019\/07\/JV4A9957-300x200.jpg\" class=\"attachment-medium\" alt=\"\" srcset=\"https:\/\/devollicorporation.com\/wp-content\/uploads\/2019\/07\/JV4A9957-300x200.jpg 300w, https:\/\/devollicorporation.com\/wp-content\/uploads\/2019\/07\/JV4A9957-768x512.jpg 768w, https:\/\/devollicorporation.com\/wp-content\/uploads\/2019\/07\/JV4A9957-1024x683.jpg 1024w\" sizes=\"auto, (max-width: 300px) 100vw, 300px\" \/><\/a><\/li><\/ul><\/div><\/div><\/div><\/div><\/div><div class=\"vc_tta-panel\" id=\"1568637033907-b9417d83-6802\" data-vc-content=\".vc_tta-panel-body\"><div class=\"vc_tta-panel-heading\"><h4 class=\"vc_tta-panel-title\"><a href=\"#1568637033907-b9417d83-6802\" data-vc-accordion data-vc-container=\".vc_tta-container\"><span class=\"vc_tta-title-text\">Xhensila Myrtezaj dhe Prince Caffe Turke<\/span><\/a><\/h4><\/div><div class=\"vc_tta-panel-body\"><div class=\"wpb_gallery wpb_content_element vc_clearfix\" ><div class=\"wpb_wrapper\"><div class=\"wpb_gallery_slides wpb_image_grid\" data-interval=\"3\"><ul class=\"wpb_image_grid_ul\"><li class=\"isotope-item\"><a class=\"prettyphoto\" href=\"https:\/\/devollicorporation.com\/wp-content\/uploads\/2019\/06\/1920x1100-2-1024x587.jpg\" data-rel=\"prettyPhoto[rel-11950-3975650815]\"><img loading=\"lazy\" decoding=\"async\" width=\"300\" height=\"172\" src=\"https:\/\/devollicorporation.com\/wp-content\/uploads\/2019\/06\/1920x1100-2-300x172.jpg\" class=\"attachment-medium\" alt=\"\" srcset=\"https:\/\/devollicorporation.com\/wp-content\/uploads\/2019\/06\/1920x1100-2-300x172.jpg 300w, https:\/\/devollicorporation.com\/wp-content\/uploads\/2019\/06\/1920x1100-2-768x440.jpg 768w, https:\/\/devollicorporation.com\/wp-content\/uploads\/2019\/06\/1920x1100-2-1024x587.jpg 1024w, https:\/\/devollicorporation.com\/wp-content\/uploads\/2019\/06\/1920x1100-2.jpg 1920w\" sizes=\"auto, (max-width: 300px) 100vw, 300px\" \/><\/a><\/li><li class=\"isotope-item\"><a class=\"prettyphoto\" href=\"https:\/\/devollicorporation.com\/wp-content\/uploads\/2019\/06\/1920x1100-3-1024x587.jpg\" data-rel=\"prettyPhoto[rel-11950-3975650815]\"><img loading=\"lazy\" decoding=\"async\" width=\"300\" height=\"172\" src=\"https:\/\/devollicorporation.com\/wp-content\/uploads\/2019\/06\/1920x1100-3-300x172.jpg\" class=\"attachment-medium\" alt=\"\" srcset=\"https:\/\/devollicorporation.com\/wp-content\/uploads\/2019\/06\/1920x1100-3-300x172.jpg 300w, https:\/\/devollicorporation.com\/wp-content\/uploads\/2019\/06\/1920x1100-3-768x440.jpg 768w, https:\/\/devollicorporation.com\/wp-content\/uploads\/2019\/06\/1920x1100-3-1024x587.jpg 1024w, https:\/\/devollicorporation.com\/wp-content\/uploads\/2019\/06\/1920x1100-3.jpg 1920w\" sizes=\"auto, (max-width: 300px) 100vw, 300px\" \/><\/a><\/li><li class=\"isotope-item\"><a class=\"prettyphoto\" href=\"https:\/\/devollicorporation.com\/wp-content\/uploads\/2019\/06\/1920x1100-1024x587.jpg\" data-rel=\"prettyPhoto[rel-11950-3975650815]\"><img loading=\"lazy\" decoding=\"async\" width=\"300\" height=\"172\" src=\"https:\/\/devollicorporation.com\/wp-content\/uploads\/2019\/06\/1920x1100-300x172.jpg\" class=\"attachment-medium\" alt=\"\" srcset=\"https:\/\/devollicorporation.com\/wp-content\/uploads\/2019\/06\/1920x1100-300x172.jpg 300w, https:\/\/devollicorporation.com\/wp-content\/uploads\/2019\/06\/1920x1100-768x440.jpg 768w, https:\/\/devollicorporation.com\/wp-content\/uploads\/2019\/06\/1920x1100-1024x587.jpg 1024w, https:\/\/devollicorporation.com\/wp-content\/uploads\/2019\/06\/1920x1100.jpg 1920w\" sizes=\"auto, (max-width: 300px) 100vw, 300px\" \/><\/a><\/li><\/ul><\/div><\/div><\/div><\/div><\/div><\/div><\/div><\/div><\/div><\/div><\/div><\/div><\/div>","protected":false},"excerpt":{"rendered":"Panairi i Gastronomis\u00ebTayna n\u00eb sheshXhensila Myrtezaj dhe Prince Caffe TurkePanairi i Gastronomis\u00ebTayna n\u00eb sheshXhensila Myrtezaj dhe Prince Caffe Turke","protected":false},"author":1,"featured_media":0,"parent":0,"menu_order":0,"comment_status":"closed","ping_status":"closed","template":"full-width.php","meta":{"footnotes":""},"class_list":["post-11950","page","type-page","status-publish","hentry"],"uagb_featured_image_src":{"full":false,"thumbnail":false,"medium":false,"medium_large":false,"large":false,"1536x1536":false,"2048x2048":false,"trp-custom-language-flag":false,"baker_edge_image_square":false,"baker_edge_image_landscape":false,"baker_edge_image_portrait":false,"baker_edge_image_huge":false,"htmagazine_grid":false},"uagb_author_info":{"display_name":"dco","author_link":"https:\/\/devollicorporation.com\/en\/author\/admin\/"},"uagb_comment_info":0,"uagb_excerpt":null,"_links":{"self":[{"href":"https:\/\/devollicorporation.com\/en\/wp-json\/wp\/v2\/pages\/11950","targetHints":{"allow":["GET"]}}],"collection":[{"href":"https:\/\/devollicorporation.com\/en\/wp-json\/wp\/v2\/pages"}],"about":[{"href":"https:\/\/devollicorporation.com\/en\/wp-json\/wp\/v2\/types\/page"}],"author":[{"embeddable":true,"href":"https:\/\/devollicorporation.com\/en\/wp-json\/wp\/v2\/users\/1"}],"replies":[{"embeddable":true,"href":"https:\/\/devollicorporation.com\/en\/wp-json\/wp\/v2\/comments?post=11950"}],"version-history":[{"count":17,"href":"https:\/\/devollicorporation.com\/en\/wp-json\/wp\/v2\/pages\/11950\/revisions"}],"predecessor-version":[{"id":22910,"href":"https:\/\/devollicorporation.com\/en\/wp-json\/wp\/v2\/pages\/11950\/revisions\/22910"}],"wp:attachment":[{"href":"https:\/\/devollicorporation.com\/en\/wp-json\/wp\/v2\/media?parent=11950"}],"curies":[{"name":"wp","href":"https:\/\/api.w.org\/{rel}","templated":true}]}}