{"id":22092,"date":"2019-07-03T14:05:48","date_gmt":"2019-07-03T14:05:48","guid":{"rendered":"https:\/\/www.devollicorporation.com\/?page_id=22092"},"modified":"2019-10-03T07:52:28","modified_gmt":"2019-10-03T07:52:28","slug":"distribution","status":"publish","type":"page","link":"https:\/\/devollicorporation.com\/en\/distribution\/","title":{"rendered":"DLS &#8211; Devolli Logistic System"},"content":{"rendered":"<div data-vc-full-width=\"true\" data-vc-full-width-init=\"false\" class=\"vc_row wpb_row vc_row-fluid vc_custom_1562162094370 vc_row-has-fill\"><div class=\"wpb_column vc_column_container vc_col-sm-3\"><div class=\"vc_column-inner\"><div class=\"wpb_wrapper\"><div class=\"vc_empty_space\"   style=\"height: 42px\"><span class=\"vc_empty_space_inner\"><\/span><\/div>\n\t<div  class=\"wpb_single_image wpb_content_element vc_align_left\">\n\t\t\n\t\t<figure class=\"wpb_wrapper vc_figure\">\n\t\t\t<div class=\"vc_single_image-wrapper vc_box_outline_circle  vc_box_border_grey\"><img loading=\"lazy\" decoding=\"async\" width=\"283\" height=\"229\" src=\"https:\/\/devollicorporation.com\/wp-content\/uploads\/2019\/07\/h5-img-DISTRIBUCIONI.png\" class=\"vc_single_image-img attachment-large\" alt=\"\" \/><\/div>\n\t\t<\/figure>\n\t<\/div>\n<\/div><\/div><\/div><div class=\"wpb_column vc_column_container vc_col-sm-9\"><div class=\"vc_column-inner\"><div class=\"wpb_wrapper\"><h1 style=\"color: #0a0a0a;text-align: center\" class=\"vc_custom_heading\" >DLS - Devolli Logistic System<\/h1>\n\t<div class=\"wpb_text_column wpb_content_element  wpb_animate_when_almost_visible wpb_fadeIn fadeIn\" >\n\t\t<div class=\"wpb_wrapper\">\n\t\t\t<div class=\"edgtf-irh-column edgtf-grid-col-8\">\n<div class=\"edgtf-section-title-holder\">\n<p class=\"edgtf-st-text\" style=\"text-align: left;\">Among other basic activities, Devolli Corporation has developed and adopted a\nmodern distribution system that covers all of Kosova.<\/p>\n<\/div>\n<div class=\"wpb_text_column wpb_content_element\">\n<div class=\"wpb_wrapper\">\n<p>The main objective of this network\nis to fulfill the requirements of customers for products of Devolli Corporation. Distribution philosophy of Devolli Corporation is to go beyond expectations of clients, by providing\nhigh quality products, services and values. From order to distribution, Devolli Corporation is always a step ahead by using innovative techniques in order to better serve its clients. Today, Devolli Corporation owns a transport fleet of more than 100 vehicles including:<\/p>\n<ul>\n<li>Heavy trucks (10 t and 20 t)<\/li>\n<\/ul>\n<p>Distributing vans (of 3,5 t) and<\/p>\n<p>Small pick up cars<\/p>\n<p>Customers\u2019 satisfaction is referent point for Devolli Corporation. It is the key to the continuous success and achievements.<\/p>\n<\/div>\n<\/div>\n<\/div>\n\n\t\t<\/div>\n\t<\/div>\n<div class=\"vc_btn3-container vc_btn3-inline\" ><a class=\"vc_general vc_btn3 vc_btn3-size-md vc_btn3-shape-rounded vc_btn3-style-outline vc_btn3-color-orange\" href=\"https:\/\/devollicorporation.com\/en\/\" title=\"\">Kthehu<\/a><\/div><\/div><\/div><\/div><\/div><div class=\"vc_row-full-width vc_clearfix\"><\/div>","protected":false},"excerpt":{"rendered":"DLS - Devolli Logistic System Devolli Corporation mes shum\u00eb aktiviteve t\u00eb veta bazike, ka zhvilluar dhe adoptuar sistem shum\u00eb modern t\u00eb distribuimit i cili ka shtrirje n\u00eb t\u00ebr\u00eb territorin e Kosov\u00ebs. Q\u00ebllimi kryesor i krijimit t\u00eb rrjetit t\u00eb till\u00eb t\u00eb [...]","protected":false},"author":1024,"featured_media":0,"parent":0,"menu_order":0,"comment_status":"closed","ping_status":"closed","template":"","meta":{"footnotes":""},"class_list":["post-22092","page","type-page","status-publish","hentry"],"uagb_featured_image_src":{"full":false,"thumbnail":false,"medium":false,"medium_large":false,"large":false,"1536x1536":false,"2048x2048":false,"trp-custom-language-flag":false,"baker_edge_image_square":false,"baker_edge_image_landscape":false,"baker_edge_image_portrait":false,"baker_edge_image_huge":false,"htmagazine_grid":false},"uagb_author_info":{"display_name":"dco","author_link":"https:\/\/devollicorporation.com\/en\/author\/main\/"},"uagb_comment_info":0,"uagb_excerpt":null,"_links":{"self":[{"href":"https:\/\/devollicorporation.com\/en\/wp-json\/wp\/v2\/pages\/22092","targetHints":{"allow":["GET"]}}],"collection":[{"href":"https:\/\/devollicorporation.com\/en\/wp-json\/wp\/v2\/pages"}],"about":[{"href":"https:\/\/devollicorporation.com\/en\/wp-json\/wp\/v2\/types\/page"}],"author":[{"embeddable":true,"href":"https:\/\/devollicorporation.com\/en\/wp-json\/wp\/v2\/users\/1024"}],"replies":[{"embeddable":true,"href":"https:\/\/devollicorporation.com\/en\/wp-json\/wp\/v2\/comments?post=22092"}],"version-history":[{"count":18,"href":"https:\/\/devollicorporation.com\/en\/wp-json\/wp\/v2\/pages\/22092\/revisions"}],"predecessor-version":[{"id":22643,"href":"https:\/\/devollicorporation.com\/en\/wp-json\/wp\/v2\/pages\/22092\/revisions\/22643"}],"wp:attachment":[{"href":"https:\/\/devollicorporation.com\/en\/wp-json\/wp\/v2\/media?parent=22092"}],"curies":[{"name":"wp","href":"https:\/\/api.w.org\/{rel}","templated":true}]}}