{"id":22117,"date":"2019-07-03T14:09:10","date_gmt":"2019-07-03T14:09:10","guid":{"rendered":"https:\/\/www.devollicorporation.com\/?page_id=22117"},"modified":"2019-07-03T14:13:33","modified_gmt":"2019-07-03T14:13:33","slug":"terminalidoganor","status":"publish","type":"page","link":"https:\/\/devollicorporation.com\/en\/terminalidoganor\/","title":{"rendered":"Customs Terminal"},"content":{"rendered":"<div data-vc-full-width=\"true\" data-vc-full-width-init=\"false\" class=\"vc_row wpb_row vc_row-fluid vc_custom_1562162094370 vc_row-has-fill\"><div class=\"wpb_column vc_column_container vc_col-sm-3\"><div class=\"vc_column-inner\"><div class=\"wpb_wrapper\"><div class=\"vc_empty_space\"   style=\"height: 42px\"><span class=\"vc_empty_space_inner\"><\/span><\/div>\n\t<div  class=\"wpb_single_image wpb_content_element vc_align_left\">\n\t\t\n\t\t<figure class=\"wpb_wrapper vc_figure\">\n\t\t\t<div class=\"vc_single_image-wrapper vc_box_outline_circle  vc_box_border_grey\"><img loading=\"lazy\" decoding=\"async\" width=\"283\" height=\"229\" src=\"https:\/\/devollicorporation.com\/wp-content\/uploads\/2019\/07\/h5-img-8_terminali.png\" class=\"vc_single_image-img attachment-large\" alt=\"\" \/><\/div>\n\t\t<\/figure>\n\t<\/div>\n<\/div><\/div><\/div><div class=\"wpb_column vc_column_container vc_col-sm-9\"><div class=\"vc_column-inner\"><div class=\"wpb_wrapper\"><h1 style=\"color: #0a0a0a;text-align: center\" class=\"vc_custom_heading\" >Customs Terminal<\/h1>\n\t<div class=\"wpb_text_column wpb_content_element  wpb_animate_when_almost_visible wpb_fadeIn fadeIn\" >\n\t\t<div class=\"wpb_wrapper\">\n\t\t\t<div class=\"edgtf-irh-column edgtf-grid-col-8\">\n<div class=\"edgtf-section-title-holder\">\n<div class=\"edgtf-irh-column edgtf-grid-col-8\">\n<div class=\"edgtf-section-title-holder\">\n<p class=\"edgtf-st-text\">Tradition, trust and success of \u201cDevolli\nCorporation\u201d continued with the opening\nof Customs Terminal that provides services\nof the highest European quality.<\/p>\n<\/div>\n<div class=\"vc_empty_space\"><\/div>\n<div class=\"wpb_text_column wpb_content_element\">\n<div class=\"wpb_wrapper\">\n<p>The terminal is located inside the industrial\ncomplex of \u201cDevolli Corporation\u201d, built in\naccordance with European standards.The terminal has a surface of 21.000 m\u00b2 and hosts more than 50 businesses and offices that provide a wide range of services:<\/p>\n<ul>\n<li>Customs agencies, banks, insurance companies, customs offices and other companies.<\/li>\n<li>In order to provide terminal services,\n\u201cDevolli Corporation\u201d has signed a longterm contract with Customs Authorities of\nKosova.<\/li>\n<\/ul>\n<\/div>\n<\/div>\n<\/div>\n<\/div>\n<\/div>\n\n\t\t<\/div>\n\t<\/div>\n<div class=\"vc_btn3-container vc_btn3-inline\" ><a class=\"vc_general vc_btn3 vc_btn3-size-md vc_btn3-shape-rounded vc_btn3-style-outline vc_btn3-color-orange\" href=\"https:\/\/devollicorporation.com\/en\/\" title=\"\">Kthehu<\/a><\/div><\/div><\/div><\/div><\/div><div class=\"vc_row-full-width vc_clearfix\"><\/div>","protected":false},"excerpt":{"rendered":"Terminali Doganor Tradita, besueshm\u00ebria dhe suksesi i \u201cDevolli Corporation\u201d pasoi me hapjen e Terminalit Doganor q\u00eb ofron sh\u00ebrbime t\u00eb nivelit t\u00eb lart\u00eb evropian. Brenda kompleksit industrial t\u00eb \u201cDevolli Corporation\u201d \u00ebsht\u00eb vendosur Terminali Doganor, i nd\u00ebrtuar sipas standardeve evropiane. Terminali ka [...]","protected":false},"author":1024,"featured_media":0,"parent":0,"menu_order":0,"comment_status":"closed","ping_status":"closed","template":"","meta":{"footnotes":""},"class_list":["post-22117","page","type-page","status-publish","hentry"],"uagb_featured_image_src":{"full":false,"thumbnail":false,"medium":false,"medium_large":false,"large":false,"1536x1536":false,"2048x2048":false,"trp-custom-language-flag":false,"baker_edge_image_square":false,"baker_edge_image_landscape":false,"baker_edge_image_portrait":false,"baker_edge_image_huge":false,"htmagazine_grid":false},"uagb_author_info":{"display_name":"dco","author_link":"https:\/\/devollicorporation.com\/en\/author\/main\/"},"uagb_comment_info":0,"uagb_excerpt":null,"_links":{"self":[{"href":"https:\/\/devollicorporation.com\/en\/wp-json\/wp\/v2\/pages\/22117","targetHints":{"allow":["GET"]}}],"collection":[{"href":"https:\/\/devollicorporation.com\/en\/wp-json\/wp\/v2\/pages"}],"about":[{"href":"https:\/\/devollicorporation.com\/en\/wp-json\/wp\/v2\/types\/page"}],"author":[{"embeddable":true,"href":"https:\/\/devollicorporation.com\/en\/wp-json\/wp\/v2\/users\/1024"}],"replies":[{"embeddable":true,"href":"https:\/\/devollicorporation.com\/en\/wp-json\/wp\/v2\/comments?post=22117"}],"version-history":[{"count":3,"href":"https:\/\/devollicorporation.com\/en\/wp-json\/wp\/v2\/pages\/22117\/revisions"}],"predecessor-version":[{"id":22121,"href":"https:\/\/devollicorporation.com\/en\/wp-json\/wp\/v2\/pages\/22117\/revisions\/22121"}],"wp:attachment":[{"href":"https:\/\/devollicorporation.com\/en\/wp-json\/wp\/v2\/media?parent=22117"}],"curies":[{"name":"wp","href":"https:\/\/api.w.org\/{rel}","templated":true}]}}