{"id":22878,"date":"2019-10-31T13:41:47","date_gmt":"2019-10-31T13:41:47","guid":{"rendered":"https:\/\/www.devollicorporation.com\/?page_id=22878"},"modified":"2019-10-31T14:50:31","modified_gmt":"2019-10-31T14:50:31","slug":"shpalljepune","status":"publish","type":"page","link":"https:\/\/devollicorporation.com\/en\/shpalljepune\/","title":{"rendered":""},"content":{"rendered":"<div class=\"vc_row wpb_row vc_row-fluid\"><div class=\"wpb_column vc_column_container vc_col-sm-12\"><div class=\"vc_column-inner\"><div class=\"wpb_wrapper\">\n<div class=\"vc_grid-container-wrapper vc_clearfix\">\n\t<div class=\"vc_grid-container vc_clearfix wpb_content_element vc_basic_grid\" data-initial-loading-animation=\"fadeIn\" data-vc-grid-settings=\"{&quot;page_id&quot;:22878,&quot;style&quot;:&quot;all&quot;,&quot;action&quot;:&quot;vc_get_vc_grid_data&quot;,&quot;shortcode_id&quot;:&quot;1572529102890-1583c638-7d8d-7&quot;,&quot;tag&quot;:&quot;vc_basic_grid&quot;}\" data-vc-request=\"https:\/\/devollicorporation.com\/wp-admin\/admin-ajax.php\" data-vc-post-id=\"22878\" data-vc-public-nonce=\"30f6460b8c\">\n\t\t<style data-type=\"vc_shortcodes-custom-css\">.vc_custom_1572080653238{margin-right: -10px !important;margin-left: -10px !important;}<\/style><div class=\"vc_grid vc_row vc_grid-gutter-30px vc_pageable-wrapper vc_hook_hover\" data-vc-pageable-content=\"true\"><div class=\"vc_pageable-slide-wrapper vc_clearfix\" data-vc-grid-content=\"true\"><div class=\"vc_grid-item vc_clearfix vc_col-sm-4 vc_grid-item-zone-c-bottom\"><div class=\"vc_grid-item-mini vc_clearfix\"><div class=\"vc_gitem-animated-block  vc_gitem-animate vc_gitem-animate-scaleIn\"  data-vc-animation=\"scaleIn\"\"><div class=\"vc_gitem-zone vc_gitem-zone-a vc-gitem-zone-height-mode-auto vc-gitem-zone-height-mode-auto-16-9 vc_gitem-is-link\" style=\"background-image: url('https:\/\/devollicorporation.com\/wp-content\/uploads\/2018\/03\/KONKURS-PUNE-1-1024x1024.png') !important;\"><a href=\"https:\/\/devollicorporation.com\/en\/pune\/devolli-corporation-shpall-konkurs\/\" title=\"Devolli Corporation announces a vacancy\" class=\"vc_gitem-link vc-zone-link\"><\/a><img decoding=\"async\" src=\"https:\/\/devollicorporation.com\/wp-content\/uploads\/2018\/03\/KONKURS-PUNE-1-1024x1024.png\" class=\"vc_gitem-zone-img\" alt=\"\"><div class=\"vc_gitem-zone-mini\"><\/div><\/div><\/div><div class=\"vc_gitem-zone vc_gitem-zone-c vc_custom_1572080653238\"><div class=\"vc_gitem-zone-mini\"><div class=\"vc_gitem_row vc_row vc_gitem-row-position-top\"><div class=\"vc_col-sm-12 vc_gitem-col vc_gitem-col-align-\"><div class=\"vc_custom_heading vc_gitem-post-data vc_gitem-post-data-source-post_title\" ><h3 style=\"font-size: 14px;text-align: left\" ><a href=\"https:\/\/devollicorporation.com\/en\/pune\/devolli-corporation-shpall-konkurs\/\" class=\"vc_gitem-link\" title=\"Devolli Corporation announces a vacancy\">Devolli Corporation announces a vacancy<\/a><\/h3><\/div><\/div><\/div><\/div><\/div><\/div><div class=\"vc_clearfix\"><\/div><\/div><div class=\"vc_grid-item vc_clearfix vc_col-sm-4 vc_grid-item-zone-c-bottom\"><div class=\"vc_grid-item-mini vc_clearfix\"><div class=\"vc_gitem-animated-block  vc_gitem-animate vc_gitem-animate-scaleIn\"  data-vc-animation=\"scaleIn\"\"><div class=\"vc_gitem-zone vc_gitem-zone-a vc-gitem-zone-height-mode-auto vc-gitem-zone-height-mode-auto-16-9 vc_gitem-is-link\" style=\"background-image: url('https:\/\/devollicorporation.com\/wp-content\/uploads\/2018\/10\/KONKURS-PUNE-1-1024x1024.png') !important;\"><a href=\"https:\/\/devollicorporation.com\/en\/pune\/22961\/\" title=\"Job competition for 3D Animator\" class=\"vc_gitem-link vc-zone-link\"><\/a><img decoding=\"async\" src=\"https:\/\/devollicorporation.com\/wp-content\/uploads\/2018\/10\/KONKURS-PUNE-1-1024x1024.png\" class=\"vc_gitem-zone-img\" alt=\"\"><div class=\"vc_gitem-zone-mini\"><\/div><\/div><\/div><div class=\"vc_gitem-zone vc_gitem-zone-c vc_custom_1572080653238\"><div class=\"vc_gitem-zone-mini\"><div class=\"vc_gitem_row vc_row vc_gitem-row-position-top\"><div class=\"vc_col-sm-12 vc_gitem-col vc_gitem-col-align-\"><div class=\"vc_custom_heading vc_gitem-post-data vc_gitem-post-data-source-post_title\" ><h3 style=\"font-size: 14px;text-align: left\" ><a href=\"https:\/\/devollicorporation.com\/en\/pune\/22961\/\" class=\"vc_gitem-link\" title=\"Job competition for 3D Animator\">Job competition for 3D Animator<\/a><\/h3><\/div><\/div><\/div><\/div><\/div><\/div><div class=\"vc_clearfix\"><\/div><\/div><div class=\"vc_grid-item vc_clearfix vc_col-sm-4 vc_grid-item-zone-c-bottom\"><div class=\"vc_grid-item-mini vc_clearfix\"><div class=\"vc_gitem-animated-block  vc_gitem-animate vc_gitem-animate-scaleIn\"  data-vc-animation=\"scaleIn\"\"><div class=\"vc_gitem-zone vc_gitem-zone-a vc-gitem-zone-height-mode-auto vc-gitem-zone-height-mode-auto-16-9 vc_gitem-is-link\" style=\"background-image: url('https:\/\/devollicorporation.com\/wp-content\/uploads\/2018\/03\/KONKURS-PUNE-1-1024x1024.png') !important;\"><a href=\"https:\/\/devollicorporation.com\/en\/pune\/konkurs-pune-per-promotere\/\" title=\"Job competition for promoters\" class=\"vc_gitem-link vc-zone-link\"><\/a><img decoding=\"async\" src=\"https:\/\/devollicorporation.com\/wp-content\/uploads\/2018\/03\/KONKURS-PUNE-1-1024x1024.png\" class=\"vc_gitem-zone-img\" alt=\"\"><div class=\"vc_gitem-zone-mini\"><\/div><\/div><\/div><div class=\"vc_gitem-zone vc_gitem-zone-c vc_custom_1572080653238\"><div class=\"vc_gitem-zone-mini\"><div class=\"vc_gitem_row vc_row vc_gitem-row-position-top\"><div class=\"vc_col-sm-12 vc_gitem-col vc_gitem-col-align-\"><div class=\"vc_custom_heading vc_gitem-post-data vc_gitem-post-data-source-post_title\" ><h3 style=\"font-size: 14px;text-align: left\" ><a href=\"https:\/\/devollicorporation.com\/en\/pune\/konkurs-pune-per-promotere\/\" class=\"vc_gitem-link\" title=\"Job competition for promoters\">Job competition for promoters<\/a><\/h3><\/div><\/div><\/div><\/div><\/div><\/div><div class=\"vc_clearfix\"><\/div><\/div><div class=\"vc_grid-item vc_clearfix vc_col-sm-4 vc_grid-item-zone-c-bottom\"><div class=\"vc_grid-item-mini vc_clearfix\"><div class=\"vc_gitem-animated-block  vc_gitem-animate vc_gitem-animate-scaleIn\"  data-vc-animation=\"scaleIn\"\"><div class=\"vc_gitem-zone vc_gitem-zone-a vc-gitem-zone-height-mode-auto vc-gitem-zone-height-mode-auto-16-9 vc_gitem-is-link\" style=\"background-image: url('https:\/\/devollicorporation.com\/wp-content\/uploads\/2018\/03\/KONKURS-PUNE-1-1024x1024.png') !important;\"><a href=\"https:\/\/devollicorporation.com\/en\/pune\/devolli-logistic-system-shpalle-konkurs-per-pune-merchandiser\/\" title=\"Devolli Logistic System announces JOB COMPETITION: Merchandiser\" class=\"vc_gitem-link vc-zone-link\"><\/a><img decoding=\"async\" src=\"https:\/\/devollicorporation.com\/wp-content\/uploads\/2018\/03\/KONKURS-PUNE-1-1024x1024.png\" class=\"vc_gitem-zone-img\" alt=\"\"><div class=\"vc_gitem-zone-mini\"><\/div><\/div><\/div><div class=\"vc_gitem-zone vc_gitem-zone-c vc_custom_1572080653238\"><div class=\"vc_gitem-zone-mini\"><div class=\"vc_gitem_row vc_row vc_gitem-row-position-top\"><div class=\"vc_col-sm-12 vc_gitem-col vc_gitem-col-align-\"><div class=\"vc_custom_heading vc_gitem-post-data vc_gitem-post-data-source-post_title\" ><h3 style=\"font-size: 14px;text-align: left\" ><a href=\"https:\/\/devollicorporation.com\/en\/pune\/devolli-logistic-system-shpalle-konkurs-per-pune-merchandiser\/\" class=\"vc_gitem-link\" title=\"Devolli Logistic System announces JOB COMPETITION: Merchandiser\">Devolli Logistic System announces JOB COMPETITION: Merchandiser<\/a><\/h3><\/div><\/div><\/div><\/div><\/div><\/div><div class=\"vc_clearfix\"><\/div><\/div><div class=\"vc_grid-item vc_clearfix vc_col-sm-4 vc_grid-item-zone-c-bottom\"><div class=\"vc_grid-item-mini vc_clearfix\"><div class=\"vc_gitem-animated-block  vc_gitem-animate vc_gitem-animate-scaleIn\"  data-vc-animation=\"scaleIn\"\"><div class=\"vc_gitem-zone vc_gitem-zone-a vc-gitem-zone-height-mode-auto vc-gitem-zone-height-mode-auto-16-9 vc_gitem-is-link\" style=\"background-image: url('https:\/\/devollicorporation.com\/wp-content\/uploads\/2018\/03\/KONKURS-PUNE-1-1024x1024.png') !important;\"><a href=\"https:\/\/devollicorporation.com\/en\/pune\/devolli-corporation-shpalle-konkurs-per-departamentin-e-sigurimit-2\/\" title=\"Devolli Corporation announces a vacancy for the Security department\" class=\"vc_gitem-link vc-zone-link\"><\/a><img decoding=\"async\" src=\"https:\/\/devollicorporation.com\/wp-content\/uploads\/2018\/03\/KONKURS-PUNE-1-1024x1024.png\" class=\"vc_gitem-zone-img\" alt=\"\"><div class=\"vc_gitem-zone-mini\"><\/div><\/div><\/div><div class=\"vc_gitem-zone vc_gitem-zone-c vc_custom_1572080653238\"><div class=\"vc_gitem-zone-mini\"><div class=\"vc_gitem_row vc_row vc_gitem-row-position-top\"><div class=\"vc_col-sm-12 vc_gitem-col vc_gitem-col-align-\"><div class=\"vc_custom_heading vc_gitem-post-data vc_gitem-post-data-source-post_title\" ><h3 style=\"font-size: 14px;text-align: left\" ><a href=\"https:\/\/devollicorporation.com\/en\/pune\/devolli-corporation-shpalle-konkurs-per-departamentin-e-sigurimit-2\/\" class=\"vc_gitem-link\" title=\"Devolli Corporation announces a vacancy for the Security department\">Devolli Corporation announces a vacancy for the Security department<\/a><\/h3><\/div><\/div><\/div><\/div><\/div><\/div><div class=\"vc_clearfix\"><\/div><\/div><div class=\"vc_grid-item vc_clearfix vc_col-sm-4 vc_grid-item-zone-c-bottom\"><div class=\"vc_grid-item-mini vc_clearfix\"><div class=\"vc_gitem-animated-block  vc_gitem-animate vc_gitem-animate-scaleIn\"  data-vc-animation=\"scaleIn\"\"><div class=\"vc_gitem-zone vc_gitem-zone-a vc-gitem-zone-height-mode-auto vc-gitem-zone-height-mode-auto-16-9 vc_gitem-is-link\" style=\"background-image: url('https:\/\/devollicorporation.com\/wp-content\/uploads\/2018\/03\/KONKURS-PUNE-1-1024x1024.png') !important;\"><a href=\"https:\/\/devollicorporation.com\/en\/pune-en\/devolli-corporation-shpalle-konkurs-per-departamentin-e-sigurimit\/\" title=\"Devolli Corporation announces a vacancy for the Security department\" class=\"vc_gitem-link vc-zone-link\"><\/a><img decoding=\"async\" src=\"https:\/\/devollicorporation.com\/wp-content\/uploads\/2018\/03\/KONKURS-PUNE-1-1024x1024.png\" class=\"vc_gitem-zone-img\" alt=\"\"><div class=\"vc_gitem-zone-mini\"><\/div><\/div><\/div><div class=\"vc_gitem-zone vc_gitem-zone-c vc_custom_1572080653238\"><div class=\"vc_gitem-zone-mini\"><div class=\"vc_gitem_row vc_row vc_gitem-row-position-top\"><div class=\"vc_col-sm-12 vc_gitem-col vc_gitem-col-align-\"><div class=\"vc_custom_heading vc_gitem-post-data vc_gitem-post-data-source-post_title\" ><h3 style=\"font-size: 14px;text-align: left\" ><a href=\"https:\/\/devollicorporation.com\/en\/pune-en\/devolli-corporation-shpalle-konkurs-per-departamentin-e-sigurimit\/\" class=\"vc_gitem-link\" title=\"Devolli Corporation announces a vacancy for the Security department\">Devolli Corporation announces a vacancy for the Security department<\/a><\/h3><\/div><\/div><\/div><\/div><\/div><\/div><div class=\"vc_clearfix\"><\/div><\/div><div class=\"vc_grid-item vc_clearfix vc_col-sm-4 vc_grid-item-zone-c-bottom\"><div class=\"vc_grid-item-mini vc_clearfix\"><div class=\"vc_gitem-animated-block  vc_gitem-animate vc_gitem-animate-scaleIn\"  data-vc-animation=\"scaleIn\"\"><div class=\"vc_gitem-zone vc_gitem-zone-a vc-gitem-zone-height-mode-auto vc-gitem-zone-height-mode-auto-16-9 vc_gitem-is-link\" style=\"background-image: url('https:\/\/devollicorporation.com\/wp-content\/uploads\/2018\/03\/KONKURS-PUNE-1-1024x1024.png') !important;\"><a href=\"https:\/\/devollicorporation.com\/en\/pune\/devolli-corporation-shpalle-konkurs-per-pune-arkitekt\/\" title=\"Devolli Corporation announces a JOB COMPETITION: Architect\" class=\"vc_gitem-link vc-zone-link\"><\/a><img decoding=\"async\" src=\"https:\/\/devollicorporation.com\/wp-content\/uploads\/2018\/03\/KONKURS-PUNE-1-1024x1024.png\" class=\"vc_gitem-zone-img\" alt=\"\"><div class=\"vc_gitem-zone-mini\"><\/div><\/div><\/div><div class=\"vc_gitem-zone vc_gitem-zone-c vc_custom_1572080653238\"><div class=\"vc_gitem-zone-mini\"><div class=\"vc_gitem_row vc_row vc_gitem-row-position-top\"><div class=\"vc_col-sm-12 vc_gitem-col vc_gitem-col-align-\"><div class=\"vc_custom_heading vc_gitem-post-data vc_gitem-post-data-source-post_title\" ><h3 style=\"font-size: 14px;text-align: left\" ><a href=\"https:\/\/devollicorporation.com\/en\/pune\/devolli-corporation-shpalle-konkurs-per-pune-arkitekt\/\" class=\"vc_gitem-link\" title=\"Devolli Corporation announces a JOB COMPETITION: Architect\">Devolli Corporation announces a JOB COMPETITION: Architect<\/a><\/h3><\/div><\/div><\/div><\/div><\/div><\/div><div class=\"vc_clearfix\"><\/div><\/div><div class=\"vc_grid-item vc_clearfix vc_col-sm-4 vc_grid-item-zone-c-bottom\"><div class=\"vc_grid-item-mini vc_clearfix\"><div class=\"vc_gitem-animated-block  vc_gitem-animate vc_gitem-animate-scaleIn\"  data-vc-animation=\"scaleIn\"\"><div class=\"vc_gitem-zone vc_gitem-zone-a vc-gitem-zone-height-mode-auto vc-gitem-zone-height-mode-auto-16-9 vc_gitem-is-link\" style=\"background-image: url('https:\/\/devollicorporation.com\/wp-content\/uploads\/2018\/03\/KONKURS-PUNE-1-1024x1024.png') !important;\"><a href=\"https:\/\/devollicorporation.com\/en\/pune\/dls-shpalle-konkurs-per-pune-merchandiser\/\" title=\"Devolli Logistic System announces JOB COMPETITION: Merchandiser\" class=\"vc_gitem-link vc-zone-link\"><\/a><img decoding=\"async\" src=\"https:\/\/devollicorporation.com\/wp-content\/uploads\/2018\/03\/KONKURS-PUNE-1-1024x1024.png\" class=\"vc_gitem-zone-img\" alt=\"\"><div class=\"vc_gitem-zone-mini\"><\/div><\/div><\/div><div class=\"vc_gitem-zone vc_gitem-zone-c vc_custom_1572080653238\"><div class=\"vc_gitem-zone-mini\"><div class=\"vc_gitem_row vc_row vc_gitem-row-position-top\"><div class=\"vc_col-sm-12 vc_gitem-col vc_gitem-col-align-\"><div class=\"vc_custom_heading vc_gitem-post-data vc_gitem-post-data-source-post_title\" ><h3 style=\"font-size: 14px;text-align: left\" ><a href=\"https:\/\/devollicorporation.com\/en\/pune\/dls-shpalle-konkurs-per-pune-merchandiser\/\" class=\"vc_gitem-link\" title=\"Devolli Logistic System announces JOB COMPETITION: Merchandiser\">Devolli Logistic System announces JOB COMPETITION: Merchandiser<\/a><\/h3><\/div><\/div><\/div><\/div><\/div><\/div><div class=\"vc_clearfix\"><\/div><\/div><div class=\"vc_grid-item vc_clearfix vc_col-sm-4 vc_grid-item-zone-c-bottom\"><div class=\"vc_grid-item-mini vc_clearfix\"><div class=\"vc_gitem-animated-block  vc_gitem-animate vc_gitem-animate-scaleIn\"  data-vc-animation=\"scaleIn\"\"><div class=\"vc_gitem-zone vc_gitem-zone-a vc-gitem-zone-height-mode-auto vc-gitem-zone-height-mode-auto-16-9 vc_gitem-is-link\" style=\"background-image: url('https:\/\/devollicorporation.com\/wp-content\/uploads\/2018\/03\/KONKURS-PUNE-1-1024x1024.png') !important;\"><a href=\"https:\/\/devollicorporation.com\/en\/pune\/devolli-logistic-system-shpalle-konkurs-pune-per-puntor-fizik\/\" title=\"Devolli Logistic System announces a job vacancy for a physical worker .\" class=\"vc_gitem-link vc-zone-link\"><\/a><img decoding=\"async\" src=\"https:\/\/devollicorporation.com\/wp-content\/uploads\/2018\/03\/KONKURS-PUNE-1-1024x1024.png\" class=\"vc_gitem-zone-img\" alt=\"\"><div class=\"vc_gitem-zone-mini\"><\/div><\/div><\/div><div class=\"vc_gitem-zone vc_gitem-zone-c vc_custom_1572080653238\"><div class=\"vc_gitem-zone-mini\"><div class=\"vc_gitem_row vc_row vc_gitem-row-position-top\"><div class=\"vc_col-sm-12 vc_gitem-col vc_gitem-col-align-\"><div class=\"vc_custom_heading vc_gitem-post-data vc_gitem-post-data-source-post_title\" ><h3 style=\"font-size: 14px;text-align: left\" ><a href=\"https:\/\/devollicorporation.com\/en\/pune\/devolli-logistic-system-shpalle-konkurs-pune-per-puntor-fizik\/\" class=\"vc_gitem-link\" title=\"Devolli Logistic System announces a job vacancy for a physical worker .\">Devolli Logistic System announces a job vacancy for a physical worker .<\/a><\/h3><\/div><\/div><\/div><\/div><\/div><\/div><div class=\"vc_clearfix\"><\/div><\/div><div class=\"vc_grid-item vc_clearfix vc_col-sm-4 vc_grid-item-zone-c-bottom\"><div class=\"vc_grid-item-mini vc_clearfix\"><div class=\"vc_gitem-animated-block  vc_gitem-animate vc_gitem-animate-scaleIn\"  data-vc-animation=\"scaleIn\"\"><div class=\"vc_gitem-zone vc_gitem-zone-a vc-gitem-zone-height-mode-auto vc-gitem-zone-height-mode-auto-16-9 vc_gitem-is-link\" style=\"background-image: url('https:\/\/devollicorporation.com\/wp-content\/uploads\/2018\/03\/KONKURS-PUNE-1-1024x1024.png') !important;\"><a href=\"https:\/\/devollicorporation.com\/en\/pune\/devolli-corporation-sh-p-k-shpalle-konkurs-per-plotesimin-e-vendeve-te-lira\/\" title=\"Devolli Corporation Sh.p.k. announces a competition for filling vacancies .\" class=\"vc_gitem-link vc-zone-link\"><\/a><img decoding=\"async\" src=\"https:\/\/devollicorporation.com\/wp-content\/uploads\/2018\/03\/KONKURS-PUNE-1-1024x1024.png\" class=\"vc_gitem-zone-img\" alt=\"\"><div class=\"vc_gitem-zone-mini\"><\/div><\/div><\/div><div class=\"vc_gitem-zone vc_gitem-zone-c vc_custom_1572080653238\"><div class=\"vc_gitem-zone-mini\"><div class=\"vc_gitem_row vc_row vc_gitem-row-position-top\"><div class=\"vc_col-sm-12 vc_gitem-col vc_gitem-col-align-\"><div class=\"vc_custom_heading vc_gitem-post-data vc_gitem-post-data-source-post_title\" ><h3 style=\"font-size: 14px;text-align: left\" ><a href=\"https:\/\/devollicorporation.com\/en\/pune\/devolli-corporation-sh-p-k-shpalle-konkurs-per-plotesimin-e-vendeve-te-lira\/\" class=\"vc_gitem-link\" title=\"Devolli Corporation Sh.p.k. announces a competition for filling vacancies .\">Devolli Corporation Sh.p.k. announces a competition for filling vacancies .<\/a><\/h3><\/div><\/div><\/div><\/div><\/div><\/div><div class=\"vc_clearfix\"><\/div><\/div><\/div><\/div>\n\t<\/div>\n<\/div><\/div><\/div><\/div><\/div>","protected":false},"excerpt":{"rendered":"Konkurs pune 3D AnimatoreDevolli Logistic System shpall\u00eb KONKURS P\u00cbR PUN\u00cb: MerchandiserDevolli Corporation shpall\u00eb konkurs p\u00ebr departamentin e SigurimitDevolli Logistic System shpall\u00eb KONKURS P\u00cbR PUN\u00cb: Merchandiser\u201cDevolli Corporation\u201d Sh.p.k. shpall\u00eb Konkurs p\u00ebr plot\u00ebsimin e vendeve t\u00eb lira..","protected":false},"author":2,"featured_media":0,"parent":0,"menu_order":0,"comment_status":"closed","ping_status":"closed","template":"","meta":{"footnotes":""},"class_list":["post-22878","page","type-page","status-publish","hentry"],"uagb_featured_image_src":{"full":false,"thumbnail":false,"medium":false,"medium_large":false,"large":false,"1536x1536":false,"2048x2048":false,"trp-custom-language-flag":false,"baker_edge_image_square":false,"baker_edge_image_landscape":false,"baker_edge_image_portrait":false,"baker_edge_image_huge":false,"htmagazine_grid":false},"uagb_author_info":{"display_name":"dco","author_link":"https:\/\/devollicorporation.com\/en\/author\/labipeja\/"},"uagb_comment_info":0,"uagb_excerpt":null,"_links":{"self":[{"href":"https:\/\/devollicorporation.com\/en\/wp-json\/wp\/v2\/pages\/22878","targetHints":{"allow":["GET"]}}],"collection":[{"href":"https:\/\/devollicorporation.com\/en\/wp-json\/wp\/v2\/pages"}],"about":[{"href":"https:\/\/devollicorporation.com\/en\/wp-json\/wp\/v2\/types\/page"}],"author":[{"embeddable":true,"href":"https:\/\/devollicorporation.com\/en\/wp-json\/wp\/v2\/users\/2"}],"replies":[{"embeddable":true,"href":"https:\/\/devollicorporation.com\/en\/wp-json\/wp\/v2\/comments?post=22878"}],"version-history":[{"count":5,"href":"https:\/\/devollicorporation.com\/en\/wp-json\/wp\/v2\/pages\/22878\/revisions"}],"predecessor-version":[{"id":22904,"href":"https:\/\/devollicorporation.com\/en\/wp-json\/wp\/v2\/pages\/22878\/revisions\/22904"}],"wp:attachment":[{"href":"https:\/\/devollicorporation.com\/en\/wp-json\/wp\/v2\/media?parent=22878"}],"curies":[{"name":"wp","href":"https:\/\/api.w.org\/{rel}","templated":true}]}}