{"id":22887,"date":"2019-10-31T14:07:54","date_gmt":"2019-10-31T14:07:54","guid":{"rendered":"https:\/\/www.devollicorporation.com\/?page_id=22887"},"modified":"2019-10-31T15:04:51","modified_gmt":"2019-10-31T15:04:51","slug":"terminalidoganor-2","status":"publish","type":"page","link":"https:\/\/devollicorporation.com\/en\/terminalidoganor-2\/","title":{"rendered":"Customs Terminal"},"content":{"rendered":"<div class=\"edgtf-row-grid-section\"><div class=\"vc_row wpb_row vc_row-fluid vc_custom_1503564600775\"><div class=\"wpb_column vc_column_container vc_col-sm-12\"><div class=\"vc_column-inner\"><div class=\"wpb_wrapper\"><\/div><\/div><\/div><\/div><\/div><div class=\"edgtf-row-grid-section\"><div class=\"vc_row wpb_row vc_row-fluid vc_custom_1508758168312\"><div class=\"wpb_column vc_column_container vc_col-sm-12\"><div class=\"vc_column-inner\"><div class=\"wpb_wrapper\"><div class=\"edgtf-tabs edgtf-tabs-standard edgtf-tabs-light\">\n\t<ul class=\"edgtf-tabs-nav clearfix\">\n\t\t\t\t\t\t\t\t\t\t\t\t\t\t<\/ul>\n\t<div class=\"edgtf-tab-container\" id=\"tab-tab-988\"><div class=\"edgtf-inner-row-holder edgtf-grid-row  edgtf-grid-normal-gutter edgtf-ir-alignment-left\"><div class=\"edgtf-irh-column  edgtf-grid-col-8\">\n\t<div class=\"edgtf-section-title-holder\" >\n\t\t\t\t\t<h2 class=\"edgtf-st-title\" style=\"font-size: 35px;color: #000000;font-weight: 600;letter-spacing: 4px\">\n\t\t\t<span>Customs Terminal<\/span>\n\t\t<\/h2>\n\t\t<\/div><div class=\"vc_empty_space\"   style=\"height: 32px\"><span class=\"vc_empty_space_inner\"><\/span><\/div>\n\t<div class=\"wpb_text_column wpb_content_element\" >\n\t\t<div class=\"wpb_wrapper\">\n\t\t\t<p>Tradition, trust and success of \u201cDevolli\nCorporation\u201d continued with the opening\nof Customs Terminal that provides services\nof the highest European quality.<\/p>\n<p>The terminal is located inside the industrial\ncomplex of \u201cDevolli Corporation\u201d, built in\naccordance with European standards.The terminal has a surface of 21.000 m\u00b2 and hosts more than 50 businesses and offices that provide a wide range of services:<\/p>\n<p>Customs agencies, banks, insurance companies, customs offices and other companies.<br \/>\nIn order to provide terminal services,\n\u201cDevolli Corporation\u201d has signed a longterm contract with Customs Authorities of\nKosova.<\/p>\n\n\t\t<\/div>\n\t<\/div>\n<\/div><div class=\"edgtf-irh-column  edgtf-grid-col-4\">\n\t\n\t<div  class=\"wpb_single_image wpb_content_element vc_align_left\">\n\t\t\n\t\t<figure class=\"wpb_wrapper vc_figure\">\n\t\t\t<div class=\"vc_single_image-wrapper   vc_box_border_grey\"><img loading=\"lazy\" decoding=\"async\" width=\"283\" height=\"229\" src=\"https:\/\/devollicorporation.com\/wp-content\/uploads\/2019\/07\/h5-img-8_terminali.png\" class=\"vc_single_image-img attachment-full\" alt=\"\" \/><\/div>\n\t\t<\/figure>\n\t<\/div>\n<\/div><\/div><\/div><\/div><\/div><\/div><\/div><\/div><\/div>","protected":false},"excerpt":{"rendered":"Terminali Doganor\u00eb Tradita, besueshm\u00ebria dhe suksesi i \u201cDevolli Corporation\u201d pasoi me hapjen e Terminalit Doganor q\u00eb ofron sh\u00ebrbime t\u00eb nivelit t\u00eb lart\u00eb evropian. Brenda kompleksit industrial t\u00eb \u201cDevolli Corporation\u201d \u00ebsht\u00eb vendosur Terminali Doganor, i nd\u00ebrtuar sipas standardeve evropiane. Terminali ka [...]","protected":false},"author":2,"featured_media":0,"parent":0,"menu_order":0,"comment_status":"closed","ping_status":"closed","template":"full-width.php","meta":{"footnotes":""},"class_list":["post-22887","page","type-page","status-publish","hentry"],"uagb_featured_image_src":{"full":false,"thumbnail":false,"medium":false,"medium_large":false,"large":false,"1536x1536":false,"2048x2048":false,"trp-custom-language-flag":false,"baker_edge_image_square":false,"baker_edge_image_landscape":false,"baker_edge_image_portrait":false,"baker_edge_image_huge":false,"htmagazine_grid":false},"uagb_author_info":{"display_name":"dco","author_link":"https:\/\/devollicorporation.com\/en\/author\/labipeja\/"},"uagb_comment_info":0,"uagb_excerpt":null,"_links":{"self":[{"href":"https:\/\/devollicorporation.com\/en\/wp-json\/wp\/v2\/pages\/22887","targetHints":{"allow":["GET"]}}],"collection":[{"href":"https:\/\/devollicorporation.com\/en\/wp-json\/wp\/v2\/pages"}],"about":[{"href":"https:\/\/devollicorporation.com\/en\/wp-json\/wp\/v2\/types\/page"}],"author":[{"embeddable":true,"href":"https:\/\/devollicorporation.com\/en\/wp-json\/wp\/v2\/users\/2"}],"replies":[{"embeddable":true,"href":"https:\/\/devollicorporation.com\/en\/wp-json\/wp\/v2\/comments?post=22887"}],"version-history":[{"count":9,"href":"https:\/\/devollicorporation.com\/en\/wp-json\/wp\/v2\/pages\/22887\/revisions"}],"predecessor-version":[{"id":22900,"href":"https:\/\/devollicorporation.com\/en\/wp-json\/wp\/v2\/pages\/22887\/revisions\/22900"}],"wp:attachment":[{"href":"https:\/\/devollicorporation.com\/en\/wp-json\/wp\/v2\/media?parent=22887"}],"curies":[{"name":"wp","href":"https:\/\/api.w.org\/{rel}","templated":true}]}}