{"id":22895,"date":"2019-10-31T14:21:10","date_gmt":"2019-10-31T14:21:10","guid":{"rendered":"https:\/\/www.devollicorporation.com\/?page_id=22895"},"modified":"2019-10-31T14:25:28","modified_gmt":"2019-10-31T14:25:28","slug":"dls","status":"publish","type":"page","link":"https:\/\/devollicorporation.com\/en\/dls\/","title":{"rendered":"DLS &#8211; Devolli Logistic System"},"content":{"rendered":"<div class=\"edgtf-row-grid-section\"><div class=\"vc_row wpb_row vc_row-fluid vc_custom_1503564600775\"><div class=\"wpb_column vc_column_container vc_col-sm-12\"><div class=\"vc_column-inner\"><div class=\"wpb_wrapper\"><\/div><\/div><\/div><\/div><\/div><div class=\"edgtf-row-grid-section\"><div class=\"vc_row wpb_row vc_row-fluid vc_custom_1508758168312\"><div class=\"wpb_column vc_column_container vc_col-sm-12\"><div class=\"vc_column-inner\"><div class=\"wpb_wrapper\"><div class=\"edgtf-tabs edgtf-tabs-standard edgtf-tabs-light\">\n\t<ul class=\"edgtf-tabs-nav clearfix\">\n\t\t\t\t\t\t\t\t\t\t\t\t\t\t<\/ul>\n\t<div class=\"edgtf-tab-container\" id=\"tab-tab-289\"><div class=\"edgtf-inner-row-holder edgtf-grid-row  edgtf-grid-normal-gutter edgtf-ir-alignment-left\"><div class=\"edgtf-irh-column  edgtf-grid-col-8\">\n\t<div class=\"edgtf-section-title-holder\" >\n\t\t\t\t\t<h2 class=\"edgtf-st-title\" style=\"font-size: 35px;color: #000000;font-weight: 600;letter-spacing: 4px\">\n\t\t\t<span>DLS - Devolli Logistic System<\/span>\n\t\t<\/h2>\n\t\t<\/div><div class=\"vc_empty_space\"   style=\"height: 32px\"><span class=\"vc_empty_space_inner\"><\/span><\/div>\n\t<div class=\"wpb_text_column wpb_content_element\" >\n\t\t<div class=\"wpb_wrapper\">\n\t\t\t<p>Among other basic activities, Devolli Corporation has developed and adopted a\nmodern distribution system that covers all of Kosova.<\/p>\n<p>The main objective of this network\nis to fulfill the requirements of customers for products of Devolli Corporation. Distribution philosophy of Devolli Corporation is to go beyond expectations of clients, by providing\nhigh quality products, services and values. From order to distribution, Devolli Corporation is always a step ahead by using innovative techniques in order to better serve its clients. Today, Devolli Corporation owns a transport fleet of more than 100 vehicles including:<\/p>\n<p>Heavy trucks (10 t and 20 t)<br \/>\nDistributing vans (of 3,5 t) and<\/p>\n<p>Small pick up cars<\/p>\n<p>Customers\u2019 satisfaction is referent point for Devolli Corporation. It is the key to the continuous success and achievements.<\/p>\n\n\t\t<\/div>\n\t<\/div>\n<\/div><div class=\"edgtf-irh-column  edgtf-grid-col-4\">\n\t\n\t<div  class=\"wpb_single_image wpb_content_element vc_align_left\">\n\t\t\n\t\t<figure class=\"wpb_wrapper vc_figure\">\n\t\t\t<div class=\"vc_single_image-wrapper   vc_box_border_grey\"><img loading=\"lazy\" decoding=\"async\" width=\"283\" height=\"229\" src=\"https:\/\/devollicorporation.com\/wp-content\/uploads\/2017\/02\/h5-img-DISTRIBUCIONI.png\" class=\"vc_single_image-img attachment-full\" alt=\"\" \/><\/div>\n\t\t<\/figure>\n\t<\/div>\n<\/div><\/div><\/div><\/div><\/div><\/div><\/div><\/div><\/div>","protected":false},"excerpt":{"rendered":"DLS - Devolli Logistic System Devolli Corporation mes shum\u00eb aktiviteve t\u00eb veta bazike, ka zhvilluar dhe adoptuar sistem shum\u00eb modern t\u00eb distribuimit i cili ka shtrirje n\u00eb t\u00ebr\u00eb territorin e Kosov\u00ebs. Q\u00ebllimi kryesor i krijimit t\u00eb rrjetit t\u00eb till\u00eb t\u00eb [...]","protected":false},"author":2,"featured_media":0,"parent":0,"menu_order":0,"comment_status":"closed","ping_status":"closed","template":"full-width.php","meta":{"footnotes":""},"class_list":["post-22895","page","type-page","status-publish","hentry"],"uagb_featured_image_src":{"full":false,"thumbnail":false,"medium":false,"medium_large":false,"large":false,"1536x1536":false,"2048x2048":false,"trp-custom-language-flag":false,"baker_edge_image_square":false,"baker_edge_image_landscape":false,"baker_edge_image_portrait":false,"baker_edge_image_huge":false,"htmagazine_grid":false},"uagb_author_info":{"display_name":"dco","author_link":"https:\/\/devollicorporation.com\/en\/author\/labipeja\/"},"uagb_comment_info":0,"uagb_excerpt":null,"_links":{"self":[{"href":"https:\/\/devollicorporation.com\/en\/wp-json\/wp\/v2\/pages\/22895","targetHints":{"allow":["GET"]}}],"collection":[{"href":"https:\/\/devollicorporation.com\/en\/wp-json\/wp\/v2\/pages"}],"about":[{"href":"https:\/\/devollicorporation.com\/en\/wp-json\/wp\/v2\/types\/page"}],"author":[{"embeddable":true,"href":"https:\/\/devollicorporation.com\/en\/wp-json\/wp\/v2\/users\/2"}],"replies":[{"embeddable":true,"href":"https:\/\/devollicorporation.com\/en\/wp-json\/wp\/v2\/comments?post=22895"}],"version-history":[{"count":3,"href":"https:\/\/devollicorporation.com\/en\/wp-json\/wp\/v2\/pages\/22895\/revisions"}],"predecessor-version":[{"id":22899,"href":"https:\/\/devollicorporation.com\/en\/wp-json\/wp\/v2\/pages\/22895\/revisions\/22899"}],"wp:attachment":[{"href":"https:\/\/devollicorporation.com\/en\/wp-json\/wp\/v2\/media?parent=22895"}],"curies":[{"name":"wp","href":"https:\/\/api.w.org\/{rel}","templated":true}]}}