{"id":8580,"date":"2017-03-07T13:53:11","date_gmt":"2017-03-07T13:53:11","guid":{"rendered":"http:\/\/baker.edge-themes.com\/?page_id=8580"},"modified":"2021-12-29T08:48:50","modified_gmt":"2021-12-29T08:48:50","slug":"rreth-nesh-2","status":"publish","type":"page","link":"https:\/\/devollicorporation.com\/en\/rreth-nesh-2\/","title":{"rendered":"Company"},"content":{"rendered":"<div class=\"edgtf-row-grid-section\"><div class=\"vc_row wpb_row vc_row-fluid vc_custom_1503564600775\"><div class=\"wpb_column vc_column_container vc_col-sm-12\"><div class=\"vc_column-inner\"><div class=\"wpb_wrapper\"><\/div><\/div><\/div><\/div><\/div><div class=\"edgtf-row-grid-section\"><div class=\"vc_row wpb_row vc_row-fluid vc_custom_1508758168312\"><div class=\"wpb_column vc_column_container vc_col-sm-12\"><div class=\"vc_column-inner\"><div class=\"wpb_wrapper\"><div class=\"edgtf-tabs edgtf-tabs-vertical\">\n\t<ul class=\"edgtf-tabs-nav clearfix\">\n\t\t\t\t\t\t\t\t\t\t\t\t<li>\n\t\t\t\t\t\t\t\t\t\t\t\t\t\t\t\t<a href=\"#tab-historia\">\n\t\t\t\t\t\t\tHistory\t\t\t\t\t\t\t\t\t\t\t\t\t<\/a>\n\t\t\t\t\t\t\t\t\t<\/li>\n\t\t\t\t\t\t\t<li>\n\t\t\t\t\t\t\t\t\t\t\t\t\t\t\t\t<a href=\"#tab-vlerat-themelore\">\n\t\t\t\t\t\t\tBasic Values\t\t\t\t\t\t\t\t\t\t\t\t\t<\/a>\n\t\t\t\t\t\t\t\t\t<\/li>\n\t\t\t\t\t\t\t<li>\n\t\t\t\t\t\t\t\t\t\t\t\t\t\t\t\t<a href=\"#tab-fokusi\">\n\t\t\t\t\t\t\tFocus\t\t\t\t\t\t\t\t\t\t\t\t\t<\/a>\n\t\t\t\t\t\t\t\t\t<\/li>\n\t\t\t\t\t\t\t\t\t\t<li class=\"edgtf-tabs-nav-line\"><\/li>\n\t\t\t\t\t\t<\/ul>\n\t<div class=\"edgtf-tab-container\" id=\"tab-historia-940\"><div class=\"edgtf-inner-row-holder edgtf-grid-row  edgtf-grid-normal-gutter edgtf-ir-alignment-left\"><div class=\"edgtf-irh-column  edgtf-grid-col-8\">\n\t<div class=\"edgtf-section-title-holder\" >\n\t\t\t\t\t<h2 class=\"edgtf-st-title\" style=\"font-size: 35px;color: #000000;font-weight: 600;letter-spacing: 4px\">\n\t\t\t<span>History<\/span>\n\t\t<\/h2>\n\t\t\t\t<p class=\"edgtf-st-text\" style=\"color: #666666;font-size: 16px;line-height: 30px;font-weight: 300;margin-top: 22px\">The \u201cDevolli\u201d Company was established by Ibrahim Devolli in 1990. Initially it was known as \u201cDevolli Commerce\u201d.<\/p>\n\t<\/div><div class=\"vc_empty_space\"   style=\"height: 32px\"><span class=\"vc_empty_space_inner\"><\/span><\/div>\n\t<div class=\"wpb_text_column wpb_content_element\" >\n\t\t<div class=\"wpb_wrapper\">\n\t\t\t<p><span style=\"font-size: 14px;\"><em><span style=\"color: #8d8d8d; line-height: 27px; font-weight: 300;\"><strong> Times were challenging when in the beginning of 1989\u2019s, Ibrahim Devolli found the strength and the courage to invest in Kosova, starting as a small company with 30 employees and very simple technology.<\/strong> <\/span><\/em><\/span><\/p>\n<p><span style=\"font-size: 14px;\"><em><span style=\"color: #8d8d8d; line-height: 27px; font-weight: 300;\">Today, Shkelqim Devolli, the son of Mr. Ibrahim Devolli, developed a well-known regional corporation with more than 4500 workers with the most modern technology of the time, which is known as \"Devolli Corporation\".<\/span><\/em><\/span><\/p>\n<p><span style=\"color: #8d8d8d; font-size: 14px; line-height: 27px; font-weight: 300;\"> We are committed to continue to gradually enhance and expand our production program\nand service portfolio, consisting of a wide range of activities, but at the same time to\nmaintain a stable status of assets. <\/span><\/p>\n<p><span style=\"color: #8d8d8d; font-size: 14px; line-height: 27px; font-weight: 300;\">Moreover, owing to its modern technology, management and development strategy,\n\u201cDevolli Corporation\u201d is ready to meet clients needs for qualitative products at any given time or moment.<\/span><\/p>\n<p><span style=\"color: #8d8d8d; font-size: 14px; line-height: 27px; font-weight: 300;\"><br \/>\nCurrently, \"Devolli Corporation\" has a qualified management team. It has more than 4,500 employees, focused primarily on fulfilling customer needs. Its leadership aims to increase the number of workers to thousands in the medium term. <\/span><\/p>\n<p><span style=\"color: #8d8d8d; font-size: 14px; line-height: 27px; font-weight: 300;\">With its comprehensive network, \u201cDevolli Corporation\u201d manages to supply with its\nproducts and services all parts of Kosovo, Albania and Macedonia. Slowly but steadily,\nthe company is expanding its exports in other countries as well. <\/span><\/p>\n\n\t\t<\/div>\n\t<\/div>\n<\/div><div class=\"edgtf-irh-column  edgtf-grid-col-4\">\n\t\n\t<div  class=\"wpb_single_image wpb_content_element vc_align_left\">\n\t\t\n\t\t<figure class=\"wpb_wrapper vc_figure\">\n\t\t\t<div class=\"vc_single_image-wrapper   vc_box_border_grey\"><img loading=\"lazy\" decoding=\"async\" width=\"283\" height=\"385\" src=\"https:\/\/devollicorporation.com\/wp-content\/uploads\/2017\/03\/ibra-dco.png\" class=\"vc_single_image-img attachment-full\" alt=\"\" srcset=\"https:\/\/devollicorporation.com\/wp-content\/uploads\/2017\/03\/ibra-dco.png 283w, https:\/\/devollicorporation.com\/wp-content\/uploads\/2017\/03\/ibra-dco-221x300.png 221w\" sizes=\"auto, (max-width: 283px) 100vw, 283px\" \/><\/div>\n\t\t<\/figure>\n\t<\/div>\n<\/div><\/div><\/div><div class=\"edgtf-tab-container\" id=\"tab-vlerat-themelore-313\"><div class=\"edgtf-inner-row-holder edgtf-grid-row  edgtf-grid-normal-gutter edgtf-ir-alignment-left\"><div class=\"edgtf-irh-column  edgtf-grid-col-8\">\n\t<div class=\"edgtf-section-title-holder\" >\n\t\t\t\t\t<h2 class=\"edgtf-st-title\" style=\"font-size: 35px;color: #000000;font-weight: 600;letter-spacing: 4px\">\n\t\t\t<span>Basic Values<\/span>\n\t\t<\/h2>\n\t\t\t\t<p class=\"edgtf-st-text\" style=\"color: #666666;font-size: 16px;line-height: 30px;font-weight: 300;margin-top: 22px\">Quality of our products and services relies\non the quality of our people.<\/p>\n\t<\/div><div class=\"vc_empty_space\"   style=\"height: 32px\"><span class=\"vc_empty_space_inner\"><\/span><\/div>\n\t<div class=\"wpb_text_column wpb_content_element\" >\n\t\t<div class=\"wpb_wrapper\">\n\t\t\t<p><span style=\"color: #8d8d8d; font-size: 14px; line-height: 27px; font-weight: 300;\">We at Devolli Corporation, with all our staff, aspire to ensure satisfaction of our clients and achieve continuous growth by providing products and services of highest quality. <\/span><\/p>\n<p><span style=\"color: #8d8d8d; font-size: 14px; line-height: 27px; font-weight: 300;\">We are committed to become symbol of trust, quality and values. <\/span><\/p>\n<p><span style=\"color: #8d8d8d; font-size: 14px; line-height: 27px; font-weight: 300;\">\u201cOur main objective is to be the best\u201d <\/span><\/p>\n<p><span style=\"color: #8d8d8d; font-size: 14px; line-height: 27px; font-weight: 300;\">Our main objective is to be the best in quality,\nservices, supplies and distribution, providing our customers with the best possible quality of products and services. <\/span><\/p>\n<p><span style=\"color: #8d8d8d; font-size: 14px; line-height: 27px; font-weight: 300;\">Quality of our products and services relies\non the quality of our people. <\/span><\/p>\n<p><span style=\"color: #8d8d8d; font-size: 14px; line-height: 27px; font-weight: 300;\">Our company\u2019s strength relies on two main assets: our brands and our people. <\/span><\/p>\n<p><span style=\"color: #8d8d8d; font-size: 14px; line-height: 27px; font-weight: 300;\">A combination of talent, learning, know-how,\nexperience and passion of our people made it\npossible for us to become what we are today. <\/span><\/p>\n<p><span style=\"color: #8d8d8d; font-size: 14px; line-height: 27px; font-weight: 300;\">Working environment helps professional growth of our staff and healthy relations between colleagues.<\/span><\/p>\n\n\t\t<\/div>\n\t<\/div>\n<\/div><div class=\"edgtf-irh-column  edgtf-grid-col-4\">\n\t\n\t<div  class=\"wpb_single_image wpb_content_element vc_align_left\">\n\t\t\n\t\t<figure class=\"wpb_wrapper vc_figure\">\n\t\t\t<div class=\"vc_single_image-wrapper   vc_box_border_grey\"><img loading=\"lazy\" decoding=\"async\" width=\"283\" height=\"229\" src=\"https:\/\/devollicorporation.com\/wp-content\/uploads\/2017\/03\/h5-img-vlerat.png\" class=\"vc_single_image-img attachment-full\" alt=\"\" \/><\/div>\n\t\t<\/figure>\n\t<\/div>\n<\/div><\/div><\/div><div class=\"edgtf-tab-container\" id=\"tab-fokusi-864\"><div class=\"edgtf-inner-row-holder edgtf-grid-row  edgtf-grid-normal-gutter edgtf-ir-alignment-left\"><div class=\"edgtf-irh-column  edgtf-grid-col-8\">\n\t<div class=\"edgtf-section-title-holder\" >\n\t\t\t\t\t<h2 class=\"edgtf-st-title\" style=\"font-size: 35px;color: #000000;font-weight: 600;letter-spacing: 4px\">\n\t\t\t<span>Focus<\/span>\n\t\t<\/h2>\n\t\t\t\t<p class=\"edgtf-st-text\" style=\"color: #666666;font-size: 16px;line-height: 30px;font-weight: 300;margin-top: 22px\">The quality is the key for creation and protection of our brands.<\/p>\n\t<\/div><div class=\"vc_empty_space\"   style=\"height: 32px\"><span class=\"vc_empty_space_inner\"><\/span><\/div>\n\t<div class=\"wpb_text_column wpb_content_element\" >\n\t\t<div class=\"wpb_wrapper\">\n\t\t\t<p><span style=\"color: #8d8d8d; font-size: 14px; line-height: 27px; font-weight: 300;\">Our team of experts, in line with market requirements, conducts market needs analysis and based on results, sets the concept for the new product.<br \/>\ne p\u00ebrcakton konceptin e nj\u00eb produkti t\u00eb ri. <\/span><\/p>\n<p><span style=\"color: #8d8d8d; font-size: 14px; line-height: 27px; font-weight: 300;\">Creating and producing a safe and desired product is a complex process of different steps and phases. Quality control is conducted by a professional team who provides the highest level of analytical support.Differentiation of our products is one of the main points where we are focused. <\/span><\/p>\n<p><span style=\"font-size: 14px;\"><strong><span style=\"color: #8d8d8d; line-height: 27px;\">Devolli Corporation strategy is based\non the following segments: <\/span><\/strong><\/span><\/p>\n<ul>\n<li><span style=\"color: #8d8d8d; font-size: 14px; line-height: 27px; font-weight: 300;\">Customers\u2019 relations <\/span><\/li>\n<li><span style=\"color: #8d8d8d; font-size: 14px; line-height: 27px; font-weight: 300;\">Product management <\/span><\/li>\n<li><span style=\"color: #8d8d8d; font-size: 14px; line-height: 27px; font-weight: 300;\">Quality <\/span><\/li>\n<li><span style=\"color: #8d8d8d; font-size: 14px; line-height: 27px; font-weight: 300;\">Sales progress<\/span><\/li>\n<li><span style=\"color: #8d8d8d; font-size: 14px; line-height: 27px; font-weight: 300;\">Staff and community development <\/span><\/li>\n<li><span style=\"color: #8d8d8d; font-size: 14px; line-height: 27px; font-weight: 300;\">Sales progress <\/span><\/li>\n<li><span style=\"color: #8d8d8d; font-size: 14px; line-height: 27px; font-weight: 300;\">Research and Development and cost control <\/span><\/li>\n<li><span style=\"color: #8d8d8d; font-size: 14px; line-height: 27px; font-weight: 300;\">Customers <\/span><\/li>\n<\/ul>\n<p><span style=\"color: #8d8d8d; font-size: 14px; line-height: 27px; font-weight: 300;\"><strong>Each client has his specific needs and every supplier must listen carefully to these needs and\nmake them part of everyday life!<\/strong> <\/span><\/p>\n<p><span style=\"color: #8d8d8d; font-size: 14px; line-height: 27px; font-weight: 300;\">Satisfied costumers, together with satisfied staff, are the most valuable asset of the company. Customers are our greatest value, therefore we dedicate them special attention, and we communicate openly and responsibly with them so we could establish trust and mutual respect. <\/span><\/p>\n<p><span style=\"color: #8d8d8d; font-size: 14px; line-height: 27px; font-weight: 300;\">Having wonderful relations with customers we try to increase our investments and offer them innovative products and services, aiming at a long-term relationship with them. We try to provide the maximum through our know-how\nin different industries, from production to consumption.<\/span><\/p>\n\n\t\t<\/div>\n\t<\/div>\n<\/div><div class=\"edgtf-irh-column  edgtf-grid-col-4\">\n\t\n\t<div  class=\"wpb_single_image wpb_content_element vc_align_left\">\n\t\t\n\t\t<figure class=\"wpb_wrapper vc_figure\">\n\t\t\t<div class=\"vc_single_image-wrapper   vc_box_border_grey\"><img loading=\"lazy\" decoding=\"async\" width=\"283\" height=\"229\" src=\"https:\/\/devollicorporation.com\/wp-content\/uploads\/2017\/03\/h5-img-fokusi.png\" class=\"vc_single_image-img attachment-full\" alt=\"\" \/><\/div>\n\t\t<\/figure>\n\t<\/div>\n<\/div><\/div><\/div><\/div><\/div><\/div><\/div><\/div><\/div><div class=\"vc_row wpb_row vc_row-fluid vc_custom_1488900356387\"><div class=\"wpb_column vc_column_container vc_col-sm-12\"><div class=\"vc_column-inner\"><div class=\"wpb_wrapper\"><div class=\"edgtf-parallax-holder edgtf-vertical-middle-align edgtf-disabled-parallax-on-touch\" data-parallax-speed=\"1\" style=\"background-image: url(https:\/\/devollicorporation.com\/wp-content\/uploads\/2017\/03\/pages-title-img-dco-1.jpg);min-height: 160px;height: 160px\">\n\t<div class=\"edgtf-parallax-inner\">\n\t\t\t<\/div>\n<\/div>\n<\/div><\/div><\/div><\/div><div class=\"edgtf-row-grid-section\"><div class=\"vc_row wpb_row vc_row-fluid wpb_animate_when_almost_visible wpb_zoomIn zoomIn vc_custom_1606140316765\"><div class=\"wpb_column vc_column_container vc_col-sm-4\"><div class=\"vc_column-inner\"><div class=\"wpb_wrapper\"><div class=\"edgtf-elements-holder edgtf-two-columns edgtf-responsive-mode-1024\" ><div class=\"edgtf-eh-item\"  data-item-class=\"edgtf-eh-custom-949122\" data-1280-1600=\"35px 12% 70px 0%\" data-1024-1280=\"44px 12% 70px 0%\" data-768-1024=\"33px 12% 131px 0%\" data-480-600=\"45px 0% 140px 0%\" data-480=\"45px 0% 140px 0%\">\n\t<div class=\"edgtf-eh-item-inner\">\n\t\t<div class=\"edgtf-eh-item-content edgtf-eh-custom-949122\" style=\"padding: 45px 12% 70px 0%\">\n\t\t\t\n\t<div  class=\"wpb_single_image wpb_content_element vc_align_left\">\n\t\t\n\t\t<figure class=\"wpb_wrapper vc_figure\">\n\t\t\t<div class=\"vc_single_image-wrapper   vc_box_border_grey\"><img loading=\"lazy\" decoding=\"async\" width=\"150\" height=\"150\" src=\"https:\/\/devollicorporation.com\/wp-content\/uploads\/2020\/11\/misioni-150x150.png\" class=\"vc_single_image-img attachment-thumbnail\" alt=\"\" srcset=\"https:\/\/devollicorporation.com\/wp-content\/uploads\/2020\/11\/misioni-150x150.png 150w, https:\/\/devollicorporation.com\/wp-content\/uploads\/2020\/11\/misioni-300x300.png 300w, https:\/\/devollicorporation.com\/wp-content\/uploads\/2020\/11\/misioni-12x12.png 12w, https:\/\/devollicorporation.com\/wp-content\/uploads\/2020\/11\/misioni.png 400w\" sizes=\"auto, (max-width: 150px) 100vw, 150px\" \/><\/div>\n\t\t<\/figure>\n\t<\/div>\n<div class=\"vc_empty_space\"   style=\"height: 16px\"><span class=\"vc_empty_space_inner\"><\/span><\/div><div class=\"edgtf-section-title-holder\" >\n\t\t\t\t\t<h4 class=\"edgtf-st-title\" style=\"color: #303030;font-weight: 600\">\n\t\t\t<span>Mission<\/span>\n\t\t<\/h4>\n\t\t<\/div><div class=\"vc_empty_space\"   style=\"height: 16px\"><span class=\"vc_empty_space_inner\"><\/span><\/div>\n\t<div class=\"wpb_text_column wpb_content_element\" >\n\t\t<div class=\"wpb_wrapper\">\n\t\t\t<p>For the largest company in the country \"Devolli Corporation\" , focusing on understanding the needs and desires of customers, mixing human capital expertise, innovation and technology resources, represent the benefits that we consider primary in our company.<\/p>\n\n\t\t<\/div>\n\t<\/div>\n<div class=\"vc_empty_space\"   style=\"height: 42px\"><span class=\"vc_empty_space_inner\"><\/span><\/div>\t\t<\/div>\n\t<\/div>\n<\/div><\/div><\/div><\/div><\/div><div class=\"wpb_column vc_column_container vc_col-sm-4\"><div class=\"vc_column-inner\"><div class=\"wpb_wrapper\"><div class=\"edgtf-elements-holder edgtf-two-columns edgtf-responsive-mode-1024\" ><div class=\"edgtf-eh-item\"  data-item-class=\"edgtf-eh-custom-939203\" data-1280-1600=\"35px 12% 70px 0%\" data-1024-1280=\"44px 12% 70px 0%\" data-768-1024=\"33px 12% 131px 0%\" data-480-600=\"45px 0% 140px 0%\" data-480=\"45px 0% 140px 0%\">\n\t<div class=\"edgtf-eh-item-inner\">\n\t\t<div class=\"edgtf-eh-item-content edgtf-eh-custom-939203\" style=\"padding: 45px 12% 70px 0%\">\n\t\t\t\n\t<div  class=\"wpb_single_image wpb_content_element vc_align_left\">\n\t\t\n\t\t<figure class=\"wpb_wrapper vc_figure\">\n\t\t\t<div class=\"vc_single_image-wrapper   vc_box_border_grey\"><img loading=\"lazy\" decoding=\"async\" width=\"150\" height=\"150\" src=\"https:\/\/devollicorporation.com\/wp-content\/uploads\/2020\/11\/vizioni-150x150.png\" class=\"vc_single_image-img attachment-thumbnail\" alt=\"\" srcset=\"https:\/\/devollicorporation.com\/wp-content\/uploads\/2020\/11\/vizioni-150x150.png 150w, https:\/\/devollicorporation.com\/wp-content\/uploads\/2020\/11\/vizioni-11x12.png 11w\" sizes=\"auto, (max-width: 150px) 100vw, 150px\" \/><\/div>\n\t\t<\/figure>\n\t<\/div>\n<div class=\"vc_empty_space\"   style=\"height: 16px\"><span class=\"vc_empty_space_inner\"><\/span><\/div><div class=\"edgtf-section-title-holder\" >\n\t\t\t\t\t<h4 class=\"edgtf-st-title\" style=\"color: #303030;font-weight: 600\">\n\t\t\t<span>Vision<\/span>\n\t\t<\/h4>\n\t\t<\/div><div class=\"vc_empty_space\"   style=\"height: 16px\"><span class=\"vc_empty_space_inner\"><\/span><\/div>\n\t<div class=\"wpb_text_column wpb_content_element\" >\n\t\t<div class=\"wpb_wrapper\">\n\t\t\t<p>At Devolli Corporation, our vision is to be known locally but also in Europe by consumers, communities and people. We always do our best to offer the highest values of Devolli Corporation products<\/p>\n\n\t\t<\/div>\n\t<\/div>\n<div class=\"vc_empty_space\"   style=\"height: 42px\"><span class=\"vc_empty_space_inner\"><\/span><\/div>\t\t<\/div>\n\t<\/div>\n<\/div><\/div><\/div><\/div><\/div><div class=\"wpb_column vc_column_container vc_col-sm-4\"><div class=\"vc_column-inner\"><div class=\"wpb_wrapper\"><div class=\"edgtf-elements-holder edgtf-two-columns edgtf-responsive-mode-1024\" ><div class=\"edgtf-eh-item\"  data-item-class=\"edgtf-eh-custom-499251\" data-1280-1600=\"35px 12% 70px 0%\" data-1024-1280=\"44px 12% 70px 0%\" data-768-1024=\"33px 12% 131px 0%\" data-480-600=\"45px 0% 140px 0%\" data-480=\"45px 0% 140px 0%\">\n\t<div class=\"edgtf-eh-item-inner\">\n\t\t<div class=\"edgtf-eh-item-content edgtf-eh-custom-499251\" style=\"padding: 45px 12% 70px 0%\">\n\t\t\t\n\t<div  class=\"wpb_single_image wpb_content_element vc_align_left\">\n\t\t\n\t\t<figure class=\"wpb_wrapper vc_figure\">\n\t\t\t<div class=\"vc_single_image-wrapper   vc_box_border_grey\"><img loading=\"lazy\" decoding=\"async\" width=\"150\" height=\"150\" src=\"https:\/\/devollicorporation.com\/wp-content\/uploads\/2020\/11\/pergjegjsia-sociale-150x150.png\" class=\"vc_single_image-img attachment-thumbnail\" alt=\"\" srcset=\"https:\/\/devollicorporation.com\/wp-content\/uploads\/2020\/11\/pergjegjsia-sociale-150x150.png 150w, https:\/\/devollicorporation.com\/wp-content\/uploads\/2020\/11\/pergjegjsia-sociale-300x300.png 300w, https:\/\/devollicorporation.com\/wp-content\/uploads\/2020\/11\/pergjegjsia-sociale-12x12.png 12w, https:\/\/devollicorporation.com\/wp-content\/uploads\/2020\/11\/pergjegjsia-sociale-550x550.png 550w, https:\/\/devollicorporation.com\/wp-content\/uploads\/2020\/11\/pergjegjsia-sociale.png 600w\" sizes=\"auto, (max-width: 150px) 100vw, 150px\" \/><\/div>\n\t\t<\/figure>\n\t<\/div>\n<div class=\"vc_empty_space\"   style=\"height: 16px\"><span class=\"vc_empty_space_inner\"><\/span><\/div><div class=\"edgtf-section-title-holder\" >\n\t\t\t\t\t<h4 class=\"edgtf-st-title\" style=\"color: #303030;font-weight: 600\">\n\t\t\t<span>Social Responsibility<\/span>\n\t\t<\/h4>\n\t\t<\/div><div class=\"vc_empty_space\"   style=\"height: 16px\"><span class=\"vc_empty_space_inner\"><\/span><\/div>\n\t<div class=\"wpb_text_column wpb_content_element\" >\n\t\t<div class=\"wpb_wrapper\">\n\t\t\t<p>We at Devolli Corporation try to achieve the highest standards of social responsibility. Moreover, we have always believed in the importance of creating a large and sustainable company that provides different innovative products and services.<\/p>\n\n\t\t<\/div>\n\t<\/div>\n<div class=\"vc_empty_space\"   style=\"height: 42px\"><span class=\"vc_empty_space_inner\"><\/span><\/div>\t\t<\/div>\n\t<\/div>\n<\/div><\/div><\/div><\/div><\/div><\/div><\/div>","protected":false},"excerpt":{"rendered":"Historia Vlerat Themelore Fokusi Historia Kompania \u201cDevolli Commerce\u201d \u00ebsht\u00eb themeluar nga i ndjeri z. Ibrahim Devolli m\u00eb 1989, ndersa filloi aktivitetin afarist m\u00eb 1990. Ishte koh\u00eb sfiduese n\u00eb fillimvitet 90-t\u00eb kur z. IBRAHIM DEVOLLI gjeti guximin, kuraj\u00ebn t\u00eb niste investimet [...]","protected":false},"author":2,"featured_media":0,"parent":0,"menu_order":0,"comment_status":"closed","ping_status":"closed","template":"full-width.php","meta":{"footnotes":""},"class_list":["post-8580","page","type-page","status-publish","hentry"],"uagb_featured_image_src":{"full":false,"thumbnail":false,"medium":false,"medium_large":false,"large":false,"1536x1536":false,"2048x2048":false,"trp-custom-language-flag":false,"baker_edge_image_square":false,"baker_edge_image_landscape":false,"baker_edge_image_portrait":false,"baker_edge_image_huge":false,"htmagazine_grid":false},"uagb_author_info":{"display_name":"dco","author_link":"https:\/\/devollicorporation.com\/en\/author\/labipeja\/"},"uagb_comment_info":0,"uagb_excerpt":null,"_links":{"self":[{"href":"https:\/\/devollicorporation.com\/en\/wp-json\/wp\/v2\/pages\/8580","targetHints":{"allow":["GET"]}}],"collection":[{"href":"https:\/\/devollicorporation.com\/en\/wp-json\/wp\/v2\/pages"}],"about":[{"href":"https:\/\/devollicorporation.com\/en\/wp-json\/wp\/v2\/types\/page"}],"author":[{"embeddable":true,"href":"https:\/\/devollicorporation.com\/en\/wp-json\/wp\/v2\/users\/2"}],"replies":[{"embeddable":true,"href":"https:\/\/devollicorporation.com\/en\/wp-json\/wp\/v2\/comments?post=8580"}],"version-history":[{"count":26,"href":"https:\/\/devollicorporation.com\/en\/wp-json\/wp\/v2\/pages\/8580\/revisions"}],"predecessor-version":[{"id":23112,"href":"https:\/\/devollicorporation.com\/en\/wp-json\/wp\/v2\/pages\/8580\/revisions\/23112"}],"wp:attachment":[{"href":"https:\/\/devollicorporation.com\/en\/wp-json\/wp\/v2\/media?parent=8580"}],"curies":[{"name":"wp","href":"https:\/\/api.w.org\/{rel}","templated":true}]}}